{"id":18249,"date":"2024-07-01T16:16:38","date_gmt":"2024-07-01T14:16:38","guid":{"rendered":"http:\/\/sarahyoga.dk\/?page_id=18249"},"modified":"2024-07-08T19:17:47","modified_gmt":"2024-07-08T17:17:47","slug":"__trashed","status":"publish","type":"page","link":"https:\/\/sarahyoga.dk\/?page_id=18249&lang=fr","title":{"rendered":"Virksomheder (French)"},"content":{"rendered":"\t\t<div data-elementor-type=\"wp-page\" data-elementor-id=\"18249\" class=\"elementor elementor-18249\">\n\t\t\t\t<div class=\"elementor-element elementor-element-a9489ff e-flex e-con-boxed e-con e-parent\" data-id=\"a9489ff\" data-element_type=\"container\">\n\t\t\t\t\t<div class=\"e-con-inner\">\n\t\t<div class=\"elementor-element elementor-element-6908c80 e-con-full e-flex e-con e-child\" data-id=\"6908c80\" data-element_type=\"container\">\n\t\t\t\t<div class=\"elementor-element elementor-element-e305985 elementor-widget elementor-widget-heading\" data-id=\"e305985\" data-element_type=\"widget\" data-widget_type=\"heading.default\">\n\t\t\t\t<div class=\"elementor-widget-container\">\n\t\t\t<style>\/*! elementor - v3.22.0 - 26-06-2024 *\/\n.elementor-heading-title{padding:0;margin:0;line-height:1}.elementor-widget-heading .elementor-heading-title[class*=elementor-size-]>a{color:inherit;font-size:inherit;line-height:inherit}.elementor-widget-heading .elementor-heading-title.elementor-size-small{font-size:15px}.elementor-widget-heading .elementor-heading-title.elementor-size-medium{font-size:19px}.elementor-widget-heading .elementor-heading-title.elementor-size-large{font-size:29px}.elementor-widget-heading .elementor-heading-title.elementor-size-xl{font-size:39px}.elementor-widget-heading .elementor-heading-title.elementor-size-xxl{font-size:59px}<\/style><h2 class=\"elementor-heading-title elementor-size-default\">Entreprises<\/h2>\t\t<\/div>\n\t\t\t\t<\/div>\n\t\t\t\t<div class=\"elementor-element elementor-element-746b906 elementor-widget elementor-widget-text-editor\" data-id=\"746b906\" data-element_type=\"widget\" data-widget_type=\"text-editor.default\">\n\t\t\t\t<div class=\"elementor-widget-container\">\n\t\t\t<style>\/*! elementor - v3.22.0 - 26-06-2024 *\/\n.elementor-widget-text-editor.elementor-drop-cap-view-stacked .elementor-drop-cap{background-color:#69727d;color:#fff}.elementor-widget-text-editor.elementor-drop-cap-view-framed .elementor-drop-cap{color:#69727d;border:3px solid;background-color:transparent}.elementor-widget-text-editor:not(.elementor-drop-cap-view-default) .elementor-drop-cap{margin-top:8px}.elementor-widget-text-editor:not(.elementor-drop-cap-view-default) .elementor-drop-cap-letter{width:1em;height:1em}.elementor-widget-text-editor .elementor-drop-cap{float:left;text-align:center;line-height:1;font-size:50px}.elementor-widget-text-editor .elementor-drop-cap-letter{display:inline-block}<\/style>\t\t\t\t<p>Le yoga, un outil de pr\u00e9vention sant\u00e9 \u00e0 proposer \u00e0 ses collaborateurs.<\/p>\n<p>La sant\u00e9 des salari\u00e9s est un enjeu de performance pour l\u2019entreprise.\u00a0<br \/><br \/><\/p>\n<p>Le programme PRENDRE SOIN DE SON ENTREPRISE EST UNE PRESTATION DE YOGA ADAPTEE AUX CONTEXTES PROFESSIONNELS et articuler autour de modules th\u00e9matiques \u00e0 la carte.<\/p>\n<p>Amen\u00e9s \u00e0 intervenir dans des environnements complexes, les salari\u00e9s vivent un temps d\u2019acc\u00e9l\u00e9ration dans leur activit\u00e9, qui cr\u00e9e du stress, de la fatigue parfois un \u00e9puisement professionel.<\/p>\n<p>\u00a0<\/p>\t\t\t\t\t\t<\/div>\n\t\t\t\t<\/div>\n\t\t\t\t<\/div>\n\t\t<div class=\"elementor-element elementor-element-36f209e e-con-full e-flex e-con e-child\" data-id=\"36f209e\" data-element_type=\"container\">\n\t\t\t\t<div class=\"elementor-element elementor-element-59013d5 elementor-widget elementor-widget-image\" data-id=\"59013d5\" data-element_type=\"widget\" data-widget_type=\"image.default\">\n\t\t\t\t<div class=\"elementor-widget-container\">\n\t\t\t<style>\/*! elementor - v3.22.0 - 26-06-2024 *\/\n.elementor-widget-image{text-align:center}.elementor-widget-image a{display:inline-block}.elementor-widget-image a img[src$=\".svg\"]{width:48px}.elementor-widget-image img{vertical-align:middle;display:inline-block}<\/style>\t\t\t\t\t\t\t\t\t\t<img fetchpriority=\"high\" decoding=\"async\" width=\"1024\" height=\"1024\" src=\"https:\/\/sarahyoga.dk\/wp-content\/uploads\/2024\/05\/Company-1-1024x1024.png\" class=\"attachment-large size-large wp-image-18008\" alt=\"\" srcset=\"https:\/\/sarahyoga.dk\/wp-content\/uploads\/2024\/05\/Company-1-1024x1024.png 1024w, https:\/\/sarahyoga.dk\/wp-content\/uploads\/2024\/05\/Company-1-300x300.png 300w, https:\/\/sarahyoga.dk\/wp-content\/uploads\/2024\/05\/Company-1-150x150.png 150w, https:\/\/sarahyoga.dk\/wp-content\/uploads\/2024\/05\/Company-1-768x768.png 768w, https:\/\/sarahyoga.dk\/wp-content\/uploads\/2024\/05\/Company-1-1536x1536.png 1536w, https:\/\/sarahyoga.dk\/wp-content\/uploads\/2024\/05\/Company-1-2048x2048.png 2048w, https:\/\/sarahyoga.dk\/wp-content\/uploads\/2024\/05\/Company-1-650x650.png 650w, https:\/\/sarahyoga.dk\/wp-content\/uploads\/2024\/05\/Company-1-1300x1300.png 1300w, https:\/\/sarahyoga.dk\/wp-content\/uploads\/2024\/05\/Company-1-600x600.png 600w, https:\/\/sarahyoga.dk\/wp-content\/uploads\/2024\/05\/Company-1-100x100.png 100w\" sizes=\"(max-width: 1024px) 100vw, 1024px\" \/>\t\t\t\t\t\t\t\t\t\t\t\t\t<\/div>\n\t\t\t\t<\/div>\n\t\t\t\t<\/div>\n\t\t\t\t\t<\/div>\n\t\t\t\t<\/div>\n\t\t<div class=\"elementor-element elementor-element-5a24811 e-flex e-con-boxed e-con e-parent\" data-id=\"5a24811\" data-element_type=\"container\" data-settings=\"{&quot;background_background&quot;:&quot;classic&quot;}\">\n\t\t\t\t\t<div class=\"e-con-inner\">\n\t\t\t\t<div class=\"elementor-element elementor-element-9b6228b elementor-widget elementor-widget-text-editor\" data-id=\"9b6228b\" data-element_type=\"widget\" data-widget_type=\"text-editor.default\">\n\t\t\t\t<div class=\"elementor-widget-container\">\n\t\t\t\t\t\t\t<p><!-- wp:quote {\"align\":\"center\"} --><\/p>\n<blockquote>\n<p><!-- wp:paragraph {\"align\":\"center\"} --><\/p>\n<p>\u201cLa pratique du yoga doit s\u2019adapter \u00e0 chacun : aux potentiels et aux besoins. <br \/>L\u2019esprit yoga c\u2019est partir de l\u00e0 ou l\u2019on se trouve\u201d<\/p>\n<p><!-- \/wp:paragraph --><\/p>\n<p><cite>&#8211; TKV Desikachar, ma\u00eetre yogi<\/cite><\/p>\n<\/blockquote>\n<p><!-- \/wp:paragraph --><\/p>\t\t\t\t\t\t<\/div>\n\t\t\t\t<\/div>\n\t\t\t\t\t<\/div>\n\t\t\t\t<\/div>\n\t\t<div class=\"elementor-element elementor-element-696c7d5 e-flex e-con-boxed e-con e-parent\" data-id=\"696c7d5\" data-element_type=\"container\">\n\t\t\t\t\t<div class=\"e-con-inner\">\n\t\t\t\t<div class=\"elementor-element elementor-element-8a8bb44 elementor-widget elementor-widget-heading\" data-id=\"8a8bb44\" data-element_type=\"widget\" data-widget_type=\"heading.default\">\n\t\t\t\t<div class=\"elementor-widget-container\">\n\t\t\t<h2 class=\"elementor-heading-title elementor-size-default\">6 Modules<\/h2>\t\t<\/div>\n\t\t\t\t<\/div>\n\t\t\t\t<div class=\"elementor-element elementor-element-966f77c elementor-widget elementor-widget-text-editor\" data-id=\"966f77c\" data-element_type=\"widget\" data-widget_type=\"text-editor.default\">\n\t\t\t\t<div class=\"elementor-widget-container\">\n\t\t\t\t\t\t\t<p>Je vous propose donc 6 modules sur des th\u00e9matiques rencontr\u00e9s dans le monde professionel pour r\u00e9pondre aux besoins et aux envies.<\/p>\t\t\t\t\t\t<\/div>\n\t\t\t\t<\/div>\n\t\t\t\t\t<\/div>\n\t\t\t\t<\/div>\n\t\t<div class=\"elementor-element elementor-element-39c9656 e-flex e-con-boxed e-con e-parent\" data-id=\"39c9656\" data-element_type=\"container\">\n\t\t\t\t\t<div class=\"e-con-inner\">\n\t\t<div class=\"elementor-element elementor-element-4cef2d7 e-con-full e-flex e-con e-child\" data-id=\"4cef2d7\" data-element_type=\"container\">\n\t\t\t\t<div class=\"elementor-element elementor-element-489a17a elementor-view-default elementor-widget elementor-widget-icon\" data-id=\"489a17a\" data-element_type=\"widget\" data-widget_type=\"icon.default\">\n\t\t\t\t<div class=\"elementor-widget-container\">\n\t\t\t\t\t<div class=\"elementor-icon-wrapper\">\n\t\t\t<div class=\"elementor-icon\">\n\t\t\t<svg aria-hidden=\"true\" class=\"e-font-icon-svg e-fas-star\" viewBox=\"0 0 576 512\" xmlns=\"http:\/\/www.w3.org\/2000\/svg\"><path d=\"M259.3 17.8L194 150.2 47.9 171.5c-26.2 3.8-36.7 36.1-17.7 54.6l105.7 103-25 145.5c-4.5 26.3 23.2 46 46.4 33.7L288 439.6l130.7 68.7c23.2 12.2 50.9-7.4 46.4-33.7l-25-145.5 105.7-103c19-18.5 8.5-50.8-17.7-54.6L382 150.2 316.7 17.8c-11.7-23.6-45.6-23.9-57.4 0z\"><\/path><\/svg>\t\t\t<\/div>\n\t\t<\/div>\n\t\t\t\t<\/div>\n\t\t\t\t<\/div>\n\t\t\t\t<div class=\"elementor-element elementor-element-5e146a3 elementor-widget elementor-widget-heading\" data-id=\"5e146a3\" data-element_type=\"widget\" data-widget_type=\"heading.default\">\n\t\t\t\t<div class=\"elementor-widget-container\">\n\t\t\t<h5 class=\"elementor-heading-title elementor-size-default\">Mental stop<\/h5>\t\t<\/div>\n\t\t\t\t<\/div>\n\t\t\t\t<\/div>\n\t\t<div class=\"elementor-element elementor-element-cac491d e-con-full e-flex e-con e-child\" data-id=\"cac491d\" data-element_type=\"container\">\n\t\t\t\t<div class=\"elementor-element elementor-element-9695a49 elementor-view-default elementor-widget elementor-widget-icon\" data-id=\"9695a49\" data-element_type=\"widget\" data-widget_type=\"icon.default\">\n\t\t\t\t<div class=\"elementor-widget-container\">\n\t\t\t\t\t<div class=\"elementor-icon-wrapper\">\n\t\t\t<div class=\"elementor-icon\">\n\t\t\t<svg aria-hidden=\"true\" class=\"e-font-icon-svg e-fas-star\" viewBox=\"0 0 576 512\" xmlns=\"http:\/\/www.w3.org\/2000\/svg\"><path d=\"M259.3 17.8L194 150.2 47.9 171.5c-26.2 3.8-36.7 36.1-17.7 54.6l105.7 103-25 145.5c-4.5 26.3 23.2 46 46.4 33.7L288 439.6l130.7 68.7c23.2 12.2 50.9-7.4 46.4-33.7l-25-145.5 105.7-103c19-18.5 8.5-50.8-17.7-54.6L382 150.2 316.7 17.8c-11.7-23.6-45.6-23.9-57.4 0z\"><\/path><\/svg>\t\t\t<\/div>\n\t\t<\/div>\n\t\t\t\t<\/div>\n\t\t\t\t<\/div>\n\t\t\t\t<div class=\"elementor-element elementor-element-a1f8bb1 elementor-widget elementor-widget-heading\" data-id=\"a1f8bb1\" data-element_type=\"widget\" data-widget_type=\"heading.default\">\n\t\t\t\t<div class=\"elementor-widget-container\">\n\t\t\t<h5 class=\"elementor-heading-title elementor-size-default\">R\u00e9duction des tensions du corps<\/h5>\t\t<\/div>\n\t\t\t\t<\/div>\n\t\t\t\t<\/div>\n\t\t<div class=\"elementor-element elementor-element-44540b8 e-con-full e-flex e-con e-child\" data-id=\"44540b8\" data-element_type=\"container\">\n\t\t\t\t<div class=\"elementor-element elementor-element-f299273 elementor-view-default elementor-widget elementor-widget-icon\" data-id=\"f299273\" data-element_type=\"widget\" data-widget_type=\"icon.default\">\n\t\t\t\t<div class=\"elementor-widget-container\">\n\t\t\t\t\t<div class=\"elementor-icon-wrapper\">\n\t\t\t<div class=\"elementor-icon\">\n\t\t\t<svg aria-hidden=\"true\" class=\"e-font-icon-svg e-fas-star\" viewBox=\"0 0 576 512\" xmlns=\"http:\/\/www.w3.org\/2000\/svg\"><path d=\"M259.3 17.8L194 150.2 47.9 171.5c-26.2 3.8-36.7 36.1-17.7 54.6l105.7 103-25 145.5c-4.5 26.3 23.2 46 46.4 33.7L288 439.6l130.7 68.7c23.2 12.2 50.9-7.4 46.4-33.7l-25-145.5 105.7-103c19-18.5 8.5-50.8-17.7-54.6L382 150.2 316.7 17.8c-11.7-23.6-45.6-23.9-57.4 0z\"><\/path><\/svg>\t\t\t<\/div>\n\t\t<\/div>\n\t\t\t\t<\/div>\n\t\t\t\t<\/div>\n\t\t\t\t<div class=\"elementor-element elementor-element-efbea31 elementor-widget elementor-widget-heading\" data-id=\"efbea31\" data-element_type=\"widget\" data-widget_type=\"heading.default\">\n\t\t\t\t<div class=\"elementor-widget-container\">\n\t\t\t<h5 class=\"elementor-heading-title elementor-size-default\">Energie retrouv\u00e9e<\/h5>\t\t<\/div>\n\t\t\t\t<\/div>\n\t\t\t\t<\/div>\n\t\t<div class=\"elementor-element elementor-element-32181a7 e-con-full e-flex e-con e-child\" data-id=\"32181a7\" data-element_type=\"container\">\n\t\t\t\t<div class=\"elementor-element elementor-element-59dd9fb elementor-view-default elementor-widget elementor-widget-icon\" data-id=\"59dd9fb\" data-element_type=\"widget\" data-widget_type=\"icon.default\">\n\t\t\t\t<div class=\"elementor-widget-container\">\n\t\t\t\t\t<div class=\"elementor-icon-wrapper\">\n\t\t\t<div class=\"elementor-icon\">\n\t\t\t<svg aria-hidden=\"true\" class=\"e-font-icon-svg e-fas-star\" viewBox=\"0 0 576 512\" xmlns=\"http:\/\/www.w3.org\/2000\/svg\"><path d=\"M259.3 17.8L194 150.2 47.9 171.5c-26.2 3.8-36.7 36.1-17.7 54.6l105.7 103-25 145.5c-4.5 26.3 23.2 46 46.4 33.7L288 439.6l130.7 68.7c23.2 12.2 50.9-7.4 46.4-33.7l-25-145.5 105.7-103c19-18.5 8.5-50.8-17.7-54.6L382 150.2 316.7 17.8c-11.7-23.6-45.6-23.9-57.4 0z\"><\/path><\/svg>\t\t\t<\/div>\n\t\t<\/div>\n\t\t\t\t<\/div>\n\t\t\t\t<\/div>\n\t\t\t\t<div class=\"elementor-element elementor-element-060d446 elementor-widget elementor-widget-heading\" data-id=\"060d446\" data-element_type=\"widget\" data-widget_type=\"heading.default\">\n\t\t\t\t<div class=\"elementor-widget-container\">\n\t\t\t<h5 class=\"elementor-heading-title elementor-size-default\">Digestion am\u00e9lior\u00e9e<\/h5>\t\t<\/div>\n\t\t\t\t<\/div>\n\t\t\t\t<\/div>\n\t\t<div class=\"elementor-element elementor-element-ac1f53b e-con-full e-flex e-con e-child\" data-id=\"ac1f53b\" data-element_type=\"container\">\n\t\t\t\t<div class=\"elementor-element elementor-element-803dfc1 elementor-view-default elementor-widget elementor-widget-icon\" data-id=\"803dfc1\" data-element_type=\"widget\" data-widget_type=\"icon.default\">\n\t\t\t\t<div class=\"elementor-widget-container\">\n\t\t\t\t\t<div class=\"elementor-icon-wrapper\">\n\t\t\t<div class=\"elementor-icon\">\n\t\t\t<svg aria-hidden=\"true\" class=\"e-font-icon-svg e-fas-star\" viewBox=\"0 0 576 512\" xmlns=\"http:\/\/www.w3.org\/2000\/svg\"><path d=\"M259.3 17.8L194 150.2 47.9 171.5c-26.2 3.8-36.7 36.1-17.7 54.6l105.7 103-25 145.5c-4.5 26.3 23.2 46 46.4 33.7L288 439.6l130.7 68.7c23.2 12.2 50.9-7.4 46.4-33.7l-25-145.5 105.7-103c19-18.5 8.5-50.8-17.7-54.6L382 150.2 316.7 17.8c-11.7-23.6-45.6-23.9-57.4 0z\"><\/path><\/svg>\t\t\t<\/div>\n\t\t<\/div>\n\t\t\t\t<\/div>\n\t\t\t\t<\/div>\n\t\t\t\t<div class=\"elementor-element elementor-element-8527cb2 elementor-widget elementor-widget-heading\" data-id=\"8527cb2\" data-element_type=\"widget\" data-widget_type=\"heading.default\">\n\t\t\t\t<div class=\"elementor-widget-container\">\n\t\t\t<h5 class=\"elementor-heading-title elementor-size-default\">Confiance en soi<\/h5>\t\t<\/div>\n\t\t\t\t<\/div>\n\t\t\t\t<\/div>\n\t\t<div class=\"elementor-element elementor-element-2bc1576 e-con-full e-flex e-con e-child\" data-id=\"2bc1576\" data-element_type=\"container\">\n\t\t\t\t<div class=\"elementor-element elementor-element-2585e41 elementor-view-default elementor-widget elementor-widget-icon\" data-id=\"2585e41\" data-element_type=\"widget\" data-widget_type=\"icon.default\">\n\t\t\t\t<div class=\"elementor-widget-container\">\n\t\t\t\t\t<div class=\"elementor-icon-wrapper\">\n\t\t\t<div class=\"elementor-icon\">\n\t\t\t<svg aria-hidden=\"true\" class=\"e-font-icon-svg e-fas-star\" viewBox=\"0 0 576 512\" xmlns=\"http:\/\/www.w3.org\/2000\/svg\"><path d=\"M259.3 17.8L194 150.2 47.9 171.5c-26.2 3.8-36.7 36.1-17.7 54.6l105.7 103-25 145.5c-4.5 26.3 23.2 46 46.4 33.7L288 439.6l130.7 68.7c23.2 12.2 50.9-7.4 46.4-33.7l-25-145.5 105.7-103c19-18.5 8.5-50.8-17.7-54.6L382 150.2 316.7 17.8c-11.7-23.6-45.6-23.9-57.4 0z\"><\/path><\/svg>\t\t\t<\/div>\n\t\t<\/div>\n\t\t\t\t<\/div>\n\t\t\t\t<\/div>\n\t\t\t\t<div class=\"elementor-element elementor-element-b68482f elementor-widget elementor-widget-heading\" data-id=\"b68482f\" data-element_type=\"widget\" data-widget_type=\"heading.default\">\n\t\t\t\t<div class=\"elementor-widget-container\">\n\t\t\t<h5 class=\"elementor-heading-title elementor-size-default\">Focus concentration<\/h5>\t\t<\/div>\n\t\t\t\t<\/div>\n\t\t\t\t<\/div>\n\t\t\t\t\t<\/div>\n\t\t\t\t<\/div>\n\t\t<div class=\"elementor-element elementor-element-428bd09 e-flex e-con-boxed e-con e-parent\" data-id=\"428bd09\" data-element_type=\"container\">\n\t\t\t\t\t<div class=\"e-con-inner\">\n\t\t\t\t<div class=\"elementor-element elementor-element-caa0f35 elementor-widget elementor-widget-reina_core_button\" data-id=\"caa0f35\" data-element_type=\"widget\" data-widget_type=\"reina_core_button.default\">\n\t\t\t\t<div class=\"elementor-widget-container\">\n\t\t\t<a class=\"qodef-shortcode qodef-m  qodef-button qodef-layout--filled  qodef-html--link\" href=\"\" target=\"_self\"  style=\"background-color: #E2BA00\">\n\t<span class=\"qodef-m-text\">Kontakt Mig<\/span>\n\t<span class=\"qodef-m-background\" style=\"color: #C09E00\"><\/span>\n<\/a>\n\t\t<\/div>\n\t\t\t\t<\/div>\n\t\t\t\t\t<\/div>\n\t\t\t\t<\/div>\n\t\t\t\t<\/div>\n\t\t","protected":false},"excerpt":{"rendered":"<p>Entreprises Le yoga, un outil de pr\u00e9vention sant\u00e9 \u00e0 proposer \u00e0 ses collaborateurs. La sant\u00e9 des salari\u00e9s est un enjeu de performance pour l\u2019entreprise.\u00a0 Le programme PRENDRE SOIN DE SON ENTREPRISE EST UNE PRESTATION DE YOGA ADAPTEE AUX CONTEXTES PROFESSIONNELS et articuler autour de modules th\u00e9matiques \u00e0 la carte. Amen\u00e9s \u00e0 intervenir dans des environnements [&hellip;]<\/p>\n","protected":false},"author":1,"featured_media":0,"parent":0,"menu_order":0,"comment_status":"closed","ping_status":"closed","template":"page-full-width.php","meta":{"footnotes":""},"class_list":["post-18249","page","type-page","status-publish","hentry"],"_links":{"self":[{"href":"https:\/\/sarahyoga.dk\/index.php?rest_route=\/wp\/v2\/pages\/18249","targetHints":{"allow":["GET"]}}],"collection":[{"href":"https:\/\/sarahyoga.dk\/index.php?rest_route=\/wp\/v2\/pages"}],"about":[{"href":"https:\/\/sarahyoga.dk\/index.php?rest_route=\/wp\/v2\/types\/page"}],"author":[{"embeddable":true,"href":"https:\/\/sarahyoga.dk\/index.php?rest_route=\/wp\/v2\/users\/1"}],"replies":[{"embeddable":true,"href":"https:\/\/sarahyoga.dk\/index.php?rest_route=%2Fwp%2Fv2%2Fcomments&post=18249"}],"version-history":[{"count":28,"href":"https:\/\/sarahyoga.dk\/index.php?rest_route=\/wp\/v2\/pages\/18249\/revisions"}],"predecessor-version":[{"id":18439,"href":"https:\/\/sarahyoga.dk\/index.php?rest_route=\/wp\/v2\/pages\/18249\/revisions\/18439"}],"wp:attachment":[{"href":"https:\/\/sarahyoga.dk\/index.php?rest_route=%2Fwp%2Fv2%2Fmedia&parent=18249"}],"curies":[{"name":"wp","href":"https:\/\/api.w.org\/{rel}","templated":true}]}}