{"id":18132,"date":"2024-05-25T20:09:09","date_gmt":"2024-05-25T18:09:09","guid":{"rendered":"http:\/\/sarahyoga.dk\/?page_id=18132"},"modified":"2024-05-25T20:09:56","modified_gmt":"2024-05-25T18:09:56","slug":"handelsbetingelser-new","status":"publish","type":"page","link":"https:\/\/sarahyoga.dk\/?page_id=18132&lang=fr","title":{"rendered":"Handelsbetingelser new"},"content":{"rendered":"\t\t<div data-elementor-type=\"wp-page\" data-elementor-id=\"18132\" class=\"elementor elementor-18132\">\n\t\t\t\t<div class=\"elementor-element elementor-element-788cabd e-flex e-con-boxed e-con e-parent\" data-id=\"788cabd\" data-element_type=\"container\">\n\t\t\t\t\t<div class=\"e-con-inner\">\n\t\t\t\t<div class=\"elementor-element elementor-element-629c5ae elementor-widget elementor-widget-heading\" data-id=\"629c5ae\" data-element_type=\"widget\" data-widget_type=\"heading.default\">\n\t\t\t\t<div class=\"elementor-widget-container\">\n\t\t\t<style>\/*! elementor - v3.22.0 - 26-06-2024 *\/\n.elementor-heading-title{padding:0;margin:0;line-height:1}.elementor-widget-heading .elementor-heading-title[class*=elementor-size-]>a{color:inherit;font-size:inherit;line-height:inherit}.elementor-widget-heading .elementor-heading-title.elementor-size-small{font-size:15px}.elementor-widget-heading .elementor-heading-title.elementor-size-medium{font-size:19px}.elementor-widget-heading .elementor-heading-title.elementor-size-large{font-size:29px}.elementor-widget-heading .elementor-heading-title.elementor-size-xl{font-size:39px}.elementor-widget-heading .elementor-heading-title.elementor-size-xxl{font-size:59px}<\/style><h2 class=\"elementor-heading-title elementor-size-default\"><h2 data-elementor-setting-key=\"title\" data-pen-placeholder=\"Type Here...\" style=\"background-color: rgb(255, 255, 255);\">Handelsbetingelser<\/h2><\/h2>\t\t<\/div>\n\t\t\t\t<\/div>\n\t\t\t\t\t<\/div>\n\t\t\t\t<\/div>\n\t\t<div class=\"elementor-element elementor-element-8c90830 e-flex e-con-boxed e-con e-parent\" data-id=\"8c90830\" data-element_type=\"container\">\n\t\t\t\t\t<div class=\"e-con-inner\">\n\t\t\t\t<div class=\"elementor-element elementor-element-637eca2 elementor-widget elementor-widget-text-editor\" data-id=\"637eca2\" data-element_type=\"widget\" data-widget_type=\"text-editor.default\">\n\t\t\t\t<div class=\"elementor-widget-container\">\n\t\t\t<style>\/*! elementor - v3.22.0 - 26-06-2024 *\/\n.elementor-widget-text-editor.elementor-drop-cap-view-stacked .elementor-drop-cap{background-color:#69727d;color:#fff}.elementor-widget-text-editor.elementor-drop-cap-view-framed .elementor-drop-cap{color:#69727d;border:3px solid;background-color:transparent}.elementor-widget-text-editor:not(.elementor-drop-cap-view-default) .elementor-drop-cap{margin-top:8px}.elementor-widget-text-editor:not(.elementor-drop-cap-view-default) .elementor-drop-cap-letter{width:1em;height:1em}.elementor-widget-text-editor .elementor-drop-cap{float:left;text-align:center;line-height:1;font-size:50px}.elementor-widget-text-editor .elementor-drop-cap-letter{display:inline-block}<\/style>\t\t\t\t<p style=\"background-color: rgb(255, 255, 255);\"><span style=\"font-weight: bolder;\">SARAH YOGA<\/span><\/p><p style=\"background-color: rgb(255, 255, 255);\">Bisiddervej 37<\/p><p style=\"background-color: rgb(255, 255, 255);\">2400 K\u00f8benhavn NV<\/p><p style=\"background-color: rgb(255, 255, 255);\">CVR: N\/A &#8211; selvst\u00e6ndig erhvervsdrivende<\/p><p style=\"background-color: rgb(255, 255, 255);\"><\/p><p style=\"background-color: rgb(255, 255, 255);\"><span style=\"font-weight: bolder;\">Betaling<\/span><\/p><p style=\"background-color: rgb(255, 255, 255);\">Alle bel\u00f8b der fremg\u00e5r p\u00e5 hjemmesiden er angivet i danske kroner (DKK), inklusiv moms og eksklusiv leveringsomkostninger.<br>Sarah Yoga tager imod online betalinger med Mobilepay Online. Vi p\u00e5l\u00e6gger ikke dit k\u00f8b nogle former for transaktionsgebyr.&nbsp;<\/p><p style=\"background-color: rgb(255, 255, 255);\"><\/p><p style=\"background-color: rgb(255, 255, 255);\"><span style=\"font-weight: bolder;\">Fortrydelsesret<\/span><\/p><p style=\"background-color: rgb(255, 255, 255);\">Der gives 14 dages fuld returret p\u00e5 ydelser k\u00f8bt hos os.&nbsp;Perioden regnes fra den dag, hvor du modtager din ordre. Meddelelsen skal gives pr. mail eller kontaktformular hvor du tydeligt skal oplyse om, at du \u00f8nsker at benytte din fortrydelsesret.<\/p><p style=\"background-color: rgb(255, 255, 255);\"><\/p><p style=\"background-color: rgb(255, 255, 255);\"><span style=\"font-weight: bolder;\">Persondatapolitik<\/span>&nbsp;<\/p><p style=\"background-color: rgb(255, 255, 255);\">N\u00e5r du k\u00f8ber en ydelser og selv videregiver oplysningerne, modtager vi kundedata. Som dataansvarlig behandler vi dine personoplysninger sikkert og fortroligt. Dine personoplysninger bliver kun anvendt og opbevaret til de form\u00e5l, de er samlet ind til.<\/p><p style=\"background-color: rgb(255, 255, 255);\">Vi anvender tredjeparter til behandling af nogle af vores oplysninger blandt andet i vores fragth\u00e5ndtering, som ikke er udviklet af Sarah Yoga . Vi har indg\u00e5et databehandleraftaler med vores partnere som garanti for, at de overholder g\u00e6ldende regler om beskyttelse af personoplysninger.&nbsp;<\/p><p style=\"background-color: rgb(255, 255, 255);\"><\/p><p style=\"background-color: rgb(255, 255, 255);\"><span style=\"font-weight: bolder;\">Klagemuligheder<\/span><\/p><p style=\"background-color: rgb(255, 255, 255);\">Du kan sende en mail mellem kontaktformular hvis du vil i kontakt med os, har sp\u00f8rgsm\u00e5l eller vil indgive en klage.<\/p><p style=\"background-color: rgb(255, 255, 255);\">Hvis du har en klage, og det ikke lykkes os at finde en l\u00f8sning sammen, vil du kunne benytte en af f\u00f8lgende muligheder for at klage:<\/p><ul style=\"background-color: rgb(255, 255, 255);\"><li>Center for Klagel\u00f8sning, via klageportal v. N\u00e6vnenes Hus. G\u00e5 til klageportal.<\/li><li>Center for Klagel\u00f8sning, N\u00e6vnenes Hus, Toldboden 2, 8800 Viborg.<\/li><li>Er du forbruger med bop\u00e6l i et andet EU-land, kan du angive din klage i EU Kommissionens online klageportal. G\u00e5 til EU klageportal.<\/li><\/ul><p style=\"background-color: rgb(255, 255, 255);\">Ved indgivelse af klage, skal du oplyse\/anvende vores kontakt formular<\/p><div style=\"background-color: rgb(255, 255, 255);\">&nbsp;<\/div>\t\t\t\t\t\t<\/div>\n\t\t\t\t<\/div>\n\t\t\t\t\t<\/div>\n\t\t\t\t<\/div>\n\t\t\t\t<\/div>\n\t\t","protected":false},"excerpt":{"rendered":"<p>Handelsbetingelser SARAH YOGA Bisiddervej 37 2400 K\u00f8benhavn NV CVR: N\/A &#8211; selvst\u00e6ndig erhvervsdrivende Betaling Alle bel\u00f8b der fremg\u00e5r p\u00e5 hjemmesiden er angivet i danske kroner (DKK), inklusiv moms og eksklusiv leveringsomkostninger.Sarah Yoga tager imod online betalinger med Mobilepay Online. Vi p\u00e5l\u00e6gger ikke dit k\u00f8b nogle former for transaktionsgebyr.&nbsp; Fortrydelsesret Der gives 14 dages fuld returret [&hellip;]<\/p>\n","protected":false},"author":1,"featured_media":0,"parent":0,"menu_order":0,"comment_status":"closed","ping_status":"closed","template":"","meta":{"footnotes":""},"class_list":["post-18132","page","type-page","status-publish","hentry"],"_links":{"self":[{"href":"https:\/\/sarahyoga.dk\/index.php?rest_route=\/wp\/v2\/pages\/18132","targetHints":{"allow":["GET"]}}],"collection":[{"href":"https:\/\/sarahyoga.dk\/index.php?rest_route=\/wp\/v2\/pages"}],"about":[{"href":"https:\/\/sarahyoga.dk\/index.php?rest_route=\/wp\/v2\/types\/page"}],"author":[{"embeddable":true,"href":"https:\/\/sarahyoga.dk\/index.php?rest_route=\/wp\/v2\/users\/1"}],"replies":[{"embeddable":true,"href":"https:\/\/sarahyoga.dk\/index.php?rest_route=%2Fwp%2Fv2%2Fcomments&post=18132"}],"version-history":[{"count":4,"href":"https:\/\/sarahyoga.dk\/index.php?rest_route=\/wp\/v2\/pages\/18132\/revisions"}],"predecessor-version":[{"id":18136,"href":"https:\/\/sarahyoga.dk\/index.php?rest_route=\/wp\/v2\/pages\/18132\/revisions\/18136"}],"wp:attachment":[{"href":"https:\/\/sarahyoga.dk\/index.php?rest_route=%2Fwp%2Fv2%2Fmedia&parent=18132"}],"curies":[{"name":"wp","href":"https:\/\/api.w.org\/{rel}","templated":true}]}}