{"id":17520,"date":"2024-04-23T18:50:13","date_gmt":"2024-04-23T16:50:13","guid":{"rendered":"http:\/\/sarahyoga.dk\/?page_id=17520"},"modified":"2024-05-25T19:39:44","modified_gmt":"2024-05-25T17:39:44","slug":"kontakt","status":"publish","type":"page","link":"https:\/\/sarahyoga.dk\/?page_id=17520&lang=fr","title":{"rendered":"Kontakt"},"content":{"rendered":"\t\t<div data-elementor-type=\"wp-page\" data-elementor-id=\"17520\" class=\"elementor elementor-17520\">\n\t\t\t\t<div class=\"elementor-element elementor-element-02917d6 e-flex e-con-boxed e-con e-parent\" data-id=\"02917d6\" data-element_type=\"container\">\n\t\t\t\t\t<div class=\"e-con-inner\">\n\t\t<div class=\"elementor-element elementor-element-c539281 e-con-full e-flex e-con e-child\" data-id=\"c539281\" data-element_type=\"container\">\n\t\t\t\t<div class=\"elementor-element elementor-element-43a18fa elementor-widget elementor-widget-heading\" data-id=\"43a18fa\" data-element_type=\"widget\" data-widget_type=\"heading.default\">\n\t\t\t\t<div class=\"elementor-widget-container\">\n\t\t\t<style>\/*! elementor - v3.22.0 - 26-06-2024 *\/\n.elementor-heading-title{padding:0;margin:0;line-height:1}.elementor-widget-heading .elementor-heading-title[class*=elementor-size-]>a{color:inherit;font-size:inherit;line-height:inherit}.elementor-widget-heading .elementor-heading-title.elementor-size-small{font-size:15px}.elementor-widget-heading .elementor-heading-title.elementor-size-medium{font-size:19px}.elementor-widget-heading .elementor-heading-title.elementor-size-large{font-size:29px}.elementor-widget-heading .elementor-heading-title.elementor-size-xl{font-size:39px}.elementor-widget-heading .elementor-heading-title.elementor-size-xxl{font-size:59px}<\/style><h2 class=\"elementor-heading-title elementor-size-default\"><span style=\"caret-color: rgb(0, 0, 0); color: rgb(0, 0, 0); letter-spacing: normal; white-space: normal;\">Et sp\u00f8rgsm\u00e5l, en s\u00e6rlig anmodning?<\/span><\/h2>\t\t<\/div>\n\t\t\t\t<\/div>\n\t\t\t\t<div class=\"elementor-element elementor-element-73a4480 elementor-widget elementor-widget-text-editor\" data-id=\"73a4480\" data-element_type=\"widget\" data-widget_type=\"text-editor.default\">\n\t\t\t\t<div class=\"elementor-widget-container\">\n\t\t\t<style>\/*! elementor - v3.22.0 - 26-06-2024 *\/\n.elementor-widget-text-editor.elementor-drop-cap-view-stacked .elementor-drop-cap{background-color:#69727d;color:#fff}.elementor-widget-text-editor.elementor-drop-cap-view-framed .elementor-drop-cap{color:#69727d;border:3px solid;background-color:transparent}.elementor-widget-text-editor:not(.elementor-drop-cap-view-default) .elementor-drop-cap{margin-top:8px}.elementor-widget-text-editor:not(.elementor-drop-cap-view-default) .elementor-drop-cap-letter{width:1em;height:1em}.elementor-widget-text-editor .elementor-drop-cap{float:left;text-align:center;line-height:1;font-size:50px}.elementor-widget-text-editor .elementor-drop-cap-letter{display:inline-block}<\/style>\t\t\t\t<div class=\"\"><span class=\"\">Fantastisk, du har besluttet dig for at tage vare p\u00e5 dig selv! <br \/>(elle andre)<\/span><\/div><div class=\"\"><span class=\"\">Husk at give s\u00e5 mange detaljer som muligt om din anmodning : privattimer, virksomhedsundervisning, polterabend, yogaterapi osv. og om du allerede har praktiseret yoga eller ej.\u00a0<br \/><br \/><\/span><\/div><div class=\"\"><span class=\"\">Jeg vil bestr\u00e6be mig p\u00e5 at svare hurtigt p\u00e5 din anmodning.\u00a0<br \/><br \/><\/span><\/div><div class=\"\"><span class=\"\">Vi tales ved<br \/><br \/><\/span><\/div><div class=\"\"><span class=\"\">Sarah<\/span><\/div>\t\t\t\t\t\t<\/div>\n\t\t\t\t<\/div>\n\t\t\t\t<\/div>\n\t\t<div class=\"elementor-element elementor-element-e4e5424 e-con-full e-flex e-con e-child\" data-id=\"e4e5424\" data-element_type=\"container\">\n\t\t\t\t<div class=\"elementor-element elementor-element-ce51e9f elementor-widget elementor-widget-qi_addons_for_elementor_contact_form_7\" data-id=\"ce51e9f\" data-element_type=\"widget\" data-widget_type=\"qi_addons_for_elementor_contact_form_7.default\">\n\t\t\t\t<div class=\"elementor-widget-container\">\n\t\t\t<div class=\"qodef-shortcode qodef-m  qodef-qi-contact-form-7 \">\n\t\n<div class=\"wpcf7 no-js\" id=\"wpcf7-f11-o1\" lang=\"fr-FR\" dir=\"ltr\">\n<div class=\"screen-reader-response\"><p role=\"status\" aria-live=\"polite\" aria-atomic=\"true\"><\/p> <ul><\/ul><\/div>\n<form action=\"\/index.php?rest_route=%2Fwp%2Fv2%2Fpages%2F17520#wpcf7-f11-o1\" method=\"post\" class=\"wpcf7-form init\" aria-label=\"Formulaire de contact\" novalidate=\"novalidate\" data-status=\"init\">\n<div style=\"display: none;\">\n<input type=\"hidden\" name=\"_wpcf7\" value=\"11\" \/>\n<input type=\"hidden\" name=\"_wpcf7_version\" value=\"5.9.6\" \/>\n<input type=\"hidden\" name=\"_wpcf7_locale\" value=\"fr_FR\" \/>\n<input type=\"hidden\" name=\"_wpcf7_unit_tag\" value=\"wpcf7-f11-o1\" \/>\n<input type=\"hidden\" name=\"_wpcf7_container_post\" value=\"0\" \/>\n<input type=\"hidden\" name=\"_wpcf7_posted_data_hash\" value=\"\" \/>\n<\/div>\n<label> Dit navn *\n    <span class=\"wpcf7-form-control-wrap\" data-name=\"your-name\"><input size=\"40\" maxlength=\"80\" class=\"wpcf7-form-control wpcf7-text wpcf7-validates-as-required\" autocomplete=\"name\" aria-required=\"true\" aria-invalid=\"false\" value=\"\" type=\"text\" name=\"your-name\" \/><\/span> <\/label>\n\n<label> Din email *\n    <span class=\"wpcf7-form-control-wrap\" data-name=\"your-email\"><input size=\"40\" maxlength=\"80\" class=\"wpcf7-form-control wpcf7-email wpcf7-validates-as-required wpcf7-text wpcf7-validates-as-email\" autocomplete=\"email\" aria-required=\"true\" aria-invalid=\"false\" value=\"\" type=\"email\" name=\"your-email\" \/><\/span> <\/label>\n\n<label> Dit nummer *\n    <span class=\"wpcf7-form-control-wrap\" data-name=\"tel-763\"><input size=\"40\" maxlength=\"80\" class=\"wpcf7-form-control wpcf7-tel wpcf7-validates-as-required wpcf7-text wpcf7-validates-as-tel\" aria-required=\"true\" aria-invalid=\"false\" value=\"\" type=\"tel\" name=\"tel-763\" \/><\/span><\/label>\n\n\n<label> Din besked\n    <span class=\"wpcf7-form-control-wrap\" data-name=\"your-message\"><textarea cols=\"40\" rows=\"10\" maxlength=\"400\" class=\"wpcf7-form-control wpcf7-textarea\" aria-invalid=\"false\" name=\"your-message\"><\/textarea><\/span> <\/label>\n\n<br>\n\n<button class=\"wpcf7-form-control wpcf7-submit qodef-button qodef-size--normal qodef-type--filled qodef-m\" type=\"submit\"><span class=\"qodef-m-text\">Send<\/span><span class=\"qodef-m-background\"><\/span><\/button><p style=\"display: none !important;\" class=\"akismet-fields-container\" data-prefix=\"_wpcf7_ak_\"><label>&#916;<textarea name=\"_wpcf7_ak_hp_textarea\" cols=\"45\" rows=\"8\" maxlength=\"100\"><\/textarea><\/label><input type=\"hidden\" id=\"ak_js_1\" name=\"_wpcf7_ak_js\" value=\"17\"\/><script>document.getElementById( \"ak_js_1\" ).setAttribute( \"value\", ( new Date() ).getTime() );<\/script><\/p><div class=\"wpcf7-response-output\" aria-hidden=\"true\"><\/div>\n<\/form>\n<\/div>\n<\/div>\n\t\t<\/div>\n\t\t\t\t<\/div>\n\t\t\t\t<\/div>\n\t\t\t\t\t<\/div>\n\t\t\t\t<\/div>\n\t\t\t\t<\/div>\n\t\t","protected":false},"excerpt":{"rendered":"<p>Et sp\u00f8rgsm\u00e5l, en s\u00e6rlig anmodning? Fantastisk, du har besluttet dig for at tage vare p\u00e5 dig selv! (elle andre)Husk at give s\u00e5 mange detaljer som muligt om din anmodning : privattimer, virksomhedsundervisning, polterabend, yogaterapi osv. og om du allerede har praktiseret yoga eller ej.\u00a0 Jeg vil bestr\u00e6be mig p\u00e5 at svare hurtigt p\u00e5 din anmodning.\u00a0 [&hellip;]<\/p>\n","protected":false},"author":1,"featured_media":0,"parent":0,"menu_order":0,"comment_status":"closed","ping_status":"closed","template":"page-full-width.php","meta":{"footnotes":""},"class_list":["post-17520","page","type-page","status-publish","hentry"],"_links":{"self":[{"href":"https:\/\/sarahyoga.dk\/index.php?rest_route=\/wp\/v2\/pages\/17520","targetHints":{"allow":["GET"]}}],"collection":[{"href":"https:\/\/sarahyoga.dk\/index.php?rest_route=\/wp\/v2\/pages"}],"about":[{"href":"https:\/\/sarahyoga.dk\/index.php?rest_route=\/wp\/v2\/types\/page"}],"author":[{"embeddable":true,"href":"https:\/\/sarahyoga.dk\/index.php?rest_route=\/wp\/v2\/users\/1"}],"replies":[{"embeddable":true,"href":"https:\/\/sarahyoga.dk\/index.php?rest_route=%2Fwp%2Fv2%2Fcomments&post=17520"}],"version-history":[{"count":17,"href":"https:\/\/sarahyoga.dk\/index.php?rest_route=\/wp\/v2\/pages\/17520\/revisions"}],"predecessor-version":[{"id":18045,"href":"https:\/\/sarahyoga.dk\/index.php?rest_route=\/wp\/v2\/pages\/17520\/revisions\/18045"}],"wp:attachment":[{"href":"https:\/\/sarahyoga.dk\/index.php?rest_route=%2Fwp%2Fv2%2Fmedia&parent=17520"}],"curies":[{"name":"wp","href":"https:\/\/api.w.org\/{rel}","templated":true}]}}