{"id":17215,"date":"2024-03-12T14:59:00","date_gmt":"2024-03-12T13:59:00","guid":{"rendered":"http:\/\/sarahyoga.dk\/?page_id=17215"},"modified":"2025-08-02T09:33:30","modified_gmt":"2025-08-02T07:33:30","slug":"om-mig","status":"publish","type":"page","link":"https:\/\/sarahyoga.dk\/?page_id=17215&lang=fr","title":{"rendered":"Om mig"},"content":{"rendered":"\t\t<div data-elementor-type=\"wp-page\" data-elementor-id=\"17215\" class=\"elementor elementor-17215\">\n\t\t\t\t<div class=\"elementor-element elementor-element-4b5ef5a e-flex e-con-boxed e-con e-parent\" data-id=\"4b5ef5a\" data-element_type=\"container\">\n\t\t\t\t\t<div class=\"e-con-inner\">\n\t\t<div class=\"elementor-element elementor-element-acbaf25 e-con-full e-flex e-con e-child\" data-id=\"acbaf25\" data-element_type=\"container\">\n\t\t\t\t<div class=\"elementor-element elementor-element-abf5a8b elementor-widget elementor-widget-heading\" data-id=\"abf5a8b\" data-element_type=\"widget\" data-widget_type=\"heading.default\">\n\t\t\t\t<div class=\"elementor-widget-container\">\n\t\t\t<style>\/*! elementor - v3.22.0 - 26-06-2024 *\/\n.elementor-heading-title{padding:0;margin:0;line-height:1}.elementor-widget-heading .elementor-heading-title[class*=elementor-size-]>a{color:inherit;font-size:inherit;line-height:inherit}.elementor-widget-heading .elementor-heading-title.elementor-size-small{font-size:15px}.elementor-widget-heading .elementor-heading-title.elementor-size-medium{font-size:19px}.elementor-widget-heading .elementor-heading-title.elementor-size-large{font-size:29px}.elementor-widget-heading .elementor-heading-title.elementor-size-xl{font-size:39px}.elementor-widget-heading .elementor-heading-title.elementor-size-xxl{font-size:59px}<\/style><h2 class=\"elementor-heading-title elementor-size-default\">Globetrotter i hjertet\n\n<\/h2>\t\t<\/div>\n\t\t\t\t<\/div>\n\t\t\t\t<div class=\"elementor-element elementor-element-928f24b elementor-widget elementor-widget-text-editor\" data-id=\"928f24b\" data-element_type=\"widget\" data-widget_type=\"text-editor.default\">\n\t\t\t\t<div class=\"elementor-widget-container\">\n\t\t\t<style>\/*! elementor - v3.22.0 - 26-06-2024 *\/\n.elementor-widget-text-editor.elementor-drop-cap-view-stacked .elementor-drop-cap{background-color:#69727d;color:#fff}.elementor-widget-text-editor.elementor-drop-cap-view-framed .elementor-drop-cap{color:#69727d;border:3px solid;background-color:transparent}.elementor-widget-text-editor:not(.elementor-drop-cap-view-default) .elementor-drop-cap{margin-top:8px}.elementor-widget-text-editor:not(.elementor-drop-cap-view-default) .elementor-drop-cap-letter{width:1em;height:1em}.elementor-widget-text-editor .elementor-drop-cap{float:left;text-align:center;line-height:1;font-size:50px}.elementor-widget-text-editor .elementor-drop-cap-letter{display:inline-block}<\/style>\t\t\t\t<p><span style=\"text-align: var(--text-align);\">Jeg er yogal\u00e6rer\u2026&#8230; men ikke kun det.<\/span><\/p><p>Jeg er globetrotter og har jeg altid elsket at udforske verden og m\u00f8de nye mennesker. Jeg elsker at rejse, er vild med nye udfordringer og \u00f8nsker konstant at m\u00f8de nye mennesker og l\u00e6re nyt.<\/p><p>Med en Master Degree fra\u00a0 en prestigefyldt handelskole i Grenoble (Frankrig) i lommen har jeg haft jobs rundt omkring i verden.\u00a0<span style=\"text-align: var(--text-align);\">I stedet for at k\u00f8be mig en<\/span><span style=\"text-align: var(--text-align);\">\u00a0 <\/span><span style=\"text-align: var(--text-align);\">lejlighed<\/span><span style=\"text-align: var(--text-align);\">\u00a0 <\/span><span style=\"text-align: var(--text-align);\">k\u00f8bte jeg en sejlb\u00e5d og sejlede i 16 m\u00e5neder rundt i<\/span><span style=\"text-align: var(--text-align);\">\u00a0 <\/span><span style=\"text-align: var(--text-align);\">Stillehavet.\u00a0<\/span><span style=\"text-align: var(--text-align);\">Det at skifte jakkes\u00e6ttet ud med en badedragt var gr\u00e6nseoverskridende p\u00e5 mange m\u00e5der.\u00a0<\/span><span style=\"text-align: var(--text-align);\">Mine sprogkundskaber gjorde at<\/span><span style=\"text-align: var(--text-align);\">\u00a0 <\/span><span style=\"text-align: var(--text-align);\">jeg kom i kontakt<\/span><span style=\"text-align: var(--text-align);\">\u00a0 <\/span><span style=\"text-align: var(--text-align);\">med de lokale og delte deres m\u00e5de at leve p\u00e5. Jeg tilegnede mig nye f\u00e6rdigheder, acceptere en anden rytme, observerede de skiftende<\/span><span style=\"text-align: var(--text-align);\">\u00a0 <\/span><span style=\"text-align: var(--text-align);\">\u00e5rstider og<\/span><span style=\"text-align: var(--text-align);\">\u00a0 <\/span><span style=\"text-align: var(--text-align);\">levede s\u00e5 t\u00e6t p\u00e5 naturen som muligt &#8230; en enorm livslektion!<\/span><\/p><p>Da jeg vendte tilbage efter jordomsejlingen, var mine prioriteter totalt \u00e6ndrede.\u00a0 Hvad var meningen med det hele? Hvorfor rejse jorden rundt p\u00e5 grund af et job, jeg havde mistet interessen for?<\/p>\t\t\t\t\t\t<\/div>\n\t\t\t\t<\/div>\n\t\t\t\t<div class=\"elementor-element elementor-element-a7140dc elementor-widget elementor-widget-reina_core_button\" data-id=\"a7140dc\" data-element_type=\"widget\" data-widget_type=\"reina_core_button.default\">\n\t\t\t\t<div class=\"elementor-widget-container\">\n\t\t\t<a class=\"qodef-shortcode qodef-m  qodef-button qodef-layout--filled  qodef-html--link\" href=\"\" target=\"_self\"  style=\"background-color: #E2BA00\">\n\t<span class=\"qodef-m-text\">Kontakt mig<\/span>\n\t<span class=\"qodef-m-background\" style=\"color: #C09E00\"><\/span>\n<\/a>\n\t\t<\/div>\n\t\t\t\t<\/div>\n\t\t\t\t<\/div>\n\t\t<div class=\"elementor-element elementor-element-97fd0ee e-con-full e-flex e-con e-child\" data-id=\"97fd0ee\" data-element_type=\"container\">\n\t\t\t\t<div class=\"elementor-element elementor-element-164cd42 elementor-widget elementor-widget-image\" data-id=\"164cd42\" data-element_type=\"widget\" data-widget_type=\"image.default\">\n\t\t\t\t<div class=\"elementor-widget-container\">\n\t\t\t<style>\/*! elementor - v3.22.0 - 26-06-2024 *\/\n.elementor-widget-image{text-align:center}.elementor-widget-image a{display:inline-block}.elementor-widget-image a img[src$=\".svg\"]{width:48px}.elementor-widget-image img{vertical-align:middle;display:inline-block}<\/style>\t\t\t\t\t\t\t\t\t\t<img fetchpriority=\"high\" decoding=\"async\" width=\"1024\" height=\"1024\" src=\"https:\/\/sarahyoga.dk\/wp-content\/uploads\/2024\/05\/om-mig-1-1024x1024.png\" class=\"attachment-large size-large wp-image-18012\" alt=\"\" srcset=\"https:\/\/sarahyoga.dk\/wp-content\/uploads\/2024\/05\/om-mig-1-1024x1024.png 1024w, https:\/\/sarahyoga.dk\/wp-content\/uploads\/2024\/05\/om-mig-1-300x300.png 300w, https:\/\/sarahyoga.dk\/wp-content\/uploads\/2024\/05\/om-mig-1-150x150.png 150w, https:\/\/sarahyoga.dk\/wp-content\/uploads\/2024\/05\/om-mig-1-768x768.png 768w, https:\/\/sarahyoga.dk\/wp-content\/uploads\/2024\/05\/om-mig-1-1536x1536.png 1536w, https:\/\/sarahyoga.dk\/wp-content\/uploads\/2024\/05\/om-mig-1-2048x2048.png 2048w, https:\/\/sarahyoga.dk\/wp-content\/uploads\/2024\/05\/om-mig-1-650x650.png 650w, https:\/\/sarahyoga.dk\/wp-content\/uploads\/2024\/05\/om-mig-1-1300x1300.png 1300w, https:\/\/sarahyoga.dk\/wp-content\/uploads\/2024\/05\/om-mig-1-600x600.png 600w, https:\/\/sarahyoga.dk\/wp-content\/uploads\/2024\/05\/om-mig-1-100x100.png 100w\" sizes=\"(max-width: 1024px) 100vw, 1024px\" \/>\t\t\t\t\t\t\t\t\t\t\t\t\t<\/div>\n\t\t\t\t<\/div>\n\t\t\t\t<\/div>\n\t\t\t\t\t<\/div>\n\t\t\t\t<\/div>\n\t\t<div class=\"elementor-element elementor-element-88d59fa e-flex e-con-boxed e-con e-parent\" data-id=\"88d59fa\" data-element_type=\"container\" data-settings=\"{&quot;background_background&quot;:&quot;classic&quot;}\">\n\t\t\t\t\t<div class=\"e-con-inner\">\n\t\t<div class=\"elementor-element elementor-element-770a539 e-con-full e-flex e-con e-child\" data-id=\"770a539\" data-element_type=\"container\">\n\t\t\t\t<div class=\"elementor-element elementor-element-ebcb8ce elementor-widget elementor-widget-image\" data-id=\"ebcb8ce\" data-element_type=\"widget\" data-widget_type=\"image.default\">\n\t\t\t\t<div class=\"elementor-widget-container\">\n\t\t\t\t\t\t\t\t\t\t\t\t\t<img decoding=\"async\" width=\"1024\" height=\"1024\" src=\"https:\/\/sarahyoga.dk\/wp-content\/uploads\/2024\/03\/SLCdiplome188-1-1024x1024.png\" class=\"attachment-large size-large wp-image-17253\" alt=\"\" srcset=\"https:\/\/sarahyoga.dk\/wp-content\/uploads\/2024\/03\/SLCdiplome188-1-1024x1024.png 1024w, https:\/\/sarahyoga.dk\/wp-content\/uploads\/2024\/03\/SLCdiplome188-1-300x300.png 300w, https:\/\/sarahyoga.dk\/wp-content\/uploads\/2024\/03\/SLCdiplome188-1-150x150.png 150w, https:\/\/sarahyoga.dk\/wp-content\/uploads\/2024\/03\/SLCdiplome188-1-768x768.png 768w, https:\/\/sarahyoga.dk\/wp-content\/uploads\/2024\/03\/SLCdiplome188-1-1536x1536.png 1536w, https:\/\/sarahyoga.dk\/wp-content\/uploads\/2024\/03\/SLCdiplome188-1-2048x2048.png 2048w, https:\/\/sarahyoga.dk\/wp-content\/uploads\/2024\/03\/SLCdiplome188-1-650x650.png 650w, https:\/\/sarahyoga.dk\/wp-content\/uploads\/2024\/03\/SLCdiplome188-1-1300x1300.png 1300w, https:\/\/sarahyoga.dk\/wp-content\/uploads\/2024\/03\/SLCdiplome188-1-600x600.png 600w, https:\/\/sarahyoga.dk\/wp-content\/uploads\/2024\/03\/SLCdiplome188-1-100x100.png 100w\" sizes=\"(max-width: 1024px) 100vw, 1024px\" \/>\t\t\t\t\t\t\t\t\t\t\t\t\t<\/div>\n\t\t\t\t<\/div>\n\t\t\t\t<\/div>\n\t\t<div class=\"elementor-element elementor-element-d96f5c4 e-con-full e-flex e-con e-child\" data-id=\"d96f5c4\" data-element_type=\"container\">\n\t\t\t\t<div class=\"elementor-element elementor-element-62691af elementor-widget elementor-widget-heading\" data-id=\"62691af\" data-element_type=\"widget\" data-widget_type=\"heading.default\">\n\t\t\t\t<div class=\"elementor-widget-container\">\n\t\t\t<h2 class=\"elementor-heading-title elementor-size-default\">Yoga & Svadharma<\/h2>\t\t<\/div>\n\t\t\t\t<\/div>\n\t\t\t\t<div class=\"elementor-element elementor-element-319011d elementor-widget elementor-widget-text-editor\" data-id=\"319011d\" data-element_type=\"widget\" data-widget_type=\"text-editor.default\">\n\t\t\t\t<div class=\"elementor-widget-container\">\n\t\t\t\t\t\t\t<p class=\"p1\">Ved et tilf\u00e6lde opdagede jeg Bikram yoga, f\u00f8rst lidt modvillig, men hurtigt blev jeg fascineret og vild med det. Jeg besluttede hurtigt at blive BIKRAM instrukt\u00f8r, men det var ikke nok for mig: tro mod min eventyrlyst rejste jeg rundt i verden for at undervise denne metode.<\/p><p class=\"p1\">Min t\u00f8rst efter viden drev mig videre for derefter uddanne mig til to meget forskellige, men komplement\u00e6re yogas typer: Yin og Nidra.<\/p><p class=\"p1\">Jeg er mere og mere forbundet med mig selv, min krop og universet. Mit m\u00f8de med Hatha Yoga var en \u00e5benbaring. Min tidligere opfattelse blev knust: Nej, yoga er ikke en sport, ej heller en vej til personlig udvikling, og det er bestemt ikke en l\u00f8sning, det er en vej. Det er en disciplin, der giver dig mulighed for at tage ansvar for dit liv og spille en aktiv rolle i det. Det er en livsfilosofi, der hj\u00e6lper dig med at helbrede sj\u00e6l og legeme og dermed f\u00e5 det bedre, uanset om dine lidelser er fysiske eller mentale.<\/p><p class=\"p1\">\u00d8nsket om at udvikle den spirituelle dimension gjorde sig g\u00e6ldende helt af sig selv,<span class=\"Apple-converted-space\">\u00a0 <\/span>jeg var klar til at g\u00e5 videre til n\u00e6ste stadie i min praktik. Jeg studeret yogaens hellige tekster og opdaget den individuelle opf\u00f8lgning, det er en privat undervisning, ogs\u00e5 kendt som yogaterapi.<\/p><p class=\"p1\">Endnu en \u00e5benbaring: Alt starter faktisk med dig SELV!<\/p><p class=\"p1\">Som instruktor i Bikram, Yin yoga, Nidra yoga og Hatha yoga (Viniyoga tradition \/ Sri Krishnamacharya lineage) \u00f8nsker jeg inderligt at videregive den viden jeg har f\u00e5et. Jeg har efterh\u00e5nden f\u00e5et en vis erfaring, og jeg er stolt af de resultater jeg har opn\u00e5et med mine elever.<\/p>\t\t\t\t\t\t<\/div>\n\t\t\t\t<\/div>\n\t\t\t\t<\/div>\n\t\t\t\t\t<\/div>\n\t\t\t\t<\/div>\n\t\t<div class=\"elementor-element elementor-element-5bec995 e-flex e-con-boxed e-con e-parent\" data-id=\"5bec995\" data-element_type=\"container\">\n\t\t\t\t\t<div class=\"e-con-inner\">\n\t\t<div class=\"elementor-element elementor-element-a019218 e-con-full e-flex e-con e-child\" data-id=\"a019218\" data-element_type=\"container\">\n\t\t\t\t<div class=\"elementor-element elementor-element-35b8414 elementor-widget elementor-widget-heading\" data-id=\"35b8414\" data-element_type=\"widget\" data-widget_type=\"heading.default\">\n\t\t\t\t<div class=\"elementor-widget-container\">\n\t\t\t<h2 class=\"elementor-heading-title elementor-size-default\">K\u00f8benhavn & mig<\/h2>\t\t<\/div>\n\t\t\t\t<\/div>\n\t\t\t\t<div class=\"elementor-element elementor-element-0229cad elementor-widget elementor-widget-text-editor\" data-id=\"0229cad\" data-element_type=\"widget\" data-widget_type=\"text-editor.default\">\n\t\t\t\t<div class=\"elementor-widget-container\">\n\t\t\t\t\t\t\t<p class=\"p1\">Jeg har netop f\u00e6rdiggjort en<span class=\"Apple-converted-space\">\u00a0 <\/span>500TIMER-certificeret yogauddannelse<span class=\"Apple-converted-space\">\u00a0 <\/span>[uddannelse anerkendt af F\u00e9d\u00e9ration Francophone de Yoga (FFY) og International Federation of Yoga (IFY)], og jeg er flyttet til K\u00f8benhavn i december 2023.<\/p><p class=\"p1\">Mit h\u00f8jeste \u00f8nske er at undervise i<span class=\"Apple-converted-space\">\u00a0 <\/span>yoga i Danmark med min franske baggrund og bruge min personlighed og min passion og overbevisning til at videregive yogaens l\u00e6re.<\/p><p class=\"p1\">Her st\u00e5r jeg s\u00e5 igen, ved starten til et nyt kapitel<span class=\"Apple-converted-space\">\u00a0 <\/span>af livet: Justeret, forankret, jeg er p\u00e5 min plads rolig og entusiastisk.<\/p><p class=\"p1\">Og ja, jeg er en kvinde, der kan s\u00f8ger udfordringer, ja, det er helt sikkert!<\/p><p class=\"p1\">Men JEG ER ogs\u00e5, og frem for alt, en kvinde med transmission, passioneret og forbl\u00f8ffet over yogaen form\u00e5en.<\/p>\t\t\t\t\t\t<\/div>\n\t\t\t\t<\/div>\n\t\t\t\t<\/div>\n\t\t<div class=\"elementor-element elementor-element-22d7e3b e-con-full e-flex e-con e-child\" data-id=\"22d7e3b\" data-element_type=\"container\">\n\t\t\t\t<div class=\"elementor-element elementor-element-ad464fb elementor-widget elementor-widget-image\" data-id=\"ad464fb\" data-element_type=\"widget\" data-widget_type=\"image.default\">\n\t\t\t\t<div class=\"elementor-widget-container\">\n\t\t\t\t\t\t\t\t\t\t\t\t\t<img decoding=\"async\" width=\"1024\" height=\"1024\" src=\"https:\/\/sarahyoga.dk\/wp-content\/uploads\/2024\/05\/Srah-2-1024x1024.png\" class=\"attachment-large size-large wp-image-18024\" alt=\"\" srcset=\"https:\/\/sarahyoga.dk\/wp-content\/uploads\/2024\/05\/Srah-2-1024x1024.png 1024w, https:\/\/sarahyoga.dk\/wp-content\/uploads\/2024\/05\/Srah-2-300x300.png 300w, https:\/\/sarahyoga.dk\/wp-content\/uploads\/2024\/05\/Srah-2-150x150.png 150w, https:\/\/sarahyoga.dk\/wp-content\/uploads\/2024\/05\/Srah-2-768x768.png 768w, https:\/\/sarahyoga.dk\/wp-content\/uploads\/2024\/05\/Srah-2-1536x1536.png 1536w, https:\/\/sarahyoga.dk\/wp-content\/uploads\/2024\/05\/Srah-2-2048x2048.png 2048w, https:\/\/sarahyoga.dk\/wp-content\/uploads\/2024\/05\/Srah-2-650x650.png 650w, https:\/\/sarahyoga.dk\/wp-content\/uploads\/2024\/05\/Srah-2-1300x1300.png 1300w, https:\/\/sarahyoga.dk\/wp-content\/uploads\/2024\/05\/Srah-2-600x600.png 600w, https:\/\/sarahyoga.dk\/wp-content\/uploads\/2024\/05\/Srah-2-100x100.png 100w\" sizes=\"(max-width: 1024px) 100vw, 1024px\" \/>\t\t\t\t\t\t\t\t\t\t\t\t\t<\/div>\n\t\t\t\t<\/div>\n\t\t\t\t<\/div>\n\t\t\t\t\t<\/div>\n\t\t\t\t<\/div>\n\t\t<div class=\"elementor-element elementor-element-94f03a3 e-flex e-con-boxed e-con e-parent\" data-id=\"94f03a3\" data-element_type=\"container\">\n\t\t\t\t\t<div class=\"e-con-inner\">\n\t\t\t\t\t<\/div>\n\t\t\t\t<\/div>\n\t\t\t\t<\/div>\n\t\t","protected":false},"excerpt":{"rendered":"<p>Globetrotter i hjertet Jeg er yogal\u00e6rer\u2026&#8230; men ikke kun det. Jeg er globetrotter og har jeg altid elsket at udforske verden og m\u00f8de nye mennesker. Jeg elsker at rejse, er vild med nye udfordringer og \u00f8nsker konstant at m\u00f8de nye mennesker og l\u00e6re nyt. Med en Master Degree fra\u00a0 en prestigefyldt handelskole i Grenoble (Frankrig) [&hellip;]<\/p>\n","protected":false},"author":1,"featured_media":0,"parent":0,"menu_order":1,"comment_status":"closed","ping_status":"closed","template":"page-full-width.php","meta":{"footnotes":""},"class_list":["post-17215","page","type-page","status-publish","hentry"],"_links":{"self":[{"href":"https:\/\/sarahyoga.dk\/index.php?rest_route=\/wp\/v2\/pages\/17215","targetHints":{"allow":["GET"]}}],"collection":[{"href":"https:\/\/sarahyoga.dk\/index.php?rest_route=\/wp\/v2\/pages"}],"about":[{"href":"https:\/\/sarahyoga.dk\/index.php?rest_route=\/wp\/v2\/types\/page"}],"author":[{"embeddable":true,"href":"https:\/\/sarahyoga.dk\/index.php?rest_route=\/wp\/v2\/users\/1"}],"replies":[{"embeddable":true,"href":"https:\/\/sarahyoga.dk\/index.php?rest_route=%2Fwp%2Fv2%2Fcomments&post=17215"}],"version-history":[{"count":82,"href":"https:\/\/sarahyoga.dk\/index.php?rest_route=\/wp\/v2\/pages\/17215\/revisions"}],"predecessor-version":[{"id":18454,"href":"https:\/\/sarahyoga.dk\/index.php?rest_route=\/wp\/v2\/pages\/17215\/revisions\/18454"}],"wp:attachment":[{"href":"https:\/\/sarahyoga.dk\/index.php?rest_route=%2Fwp%2Fv2%2Fmedia&parent=17215"}],"curies":[{"name":"wp","href":"https:\/\/api.w.org\/{rel}","templated":true}]}}