{"id":17172,"date":"2024-03-15T16:56:40","date_gmt":"2024-03-15T15:56:40","guid":{"rendered":"http:\/\/sarahyoga.dk\/?page_id=17172"},"modified":"2025-10-20T14:14:54","modified_gmt":"2025-10-20T12:14:54","slug":"virksomheder","status":"publish","type":"page","link":"https:\/\/sarahyoga.dk\/?page_id=17172","title":{"rendered":"Virksomheder"},"content":{"rendered":"\t\t<div data-elementor-type=\"wp-page\" data-elementor-id=\"17172\" class=\"elementor elementor-17172\">\n\t\t\t\t<div class=\"elementor-element elementor-element-a9489ff e-flex e-con-boxed e-con e-parent\" data-id=\"a9489ff\" data-element_type=\"container\">\n\t\t\t\t\t<div class=\"e-con-inner\">\n\t\t<div class=\"elementor-element elementor-element-6908c80 e-con-full e-flex e-con e-child\" data-id=\"6908c80\" data-element_type=\"container\">\n\t\t\t\t<div class=\"elementor-element elementor-element-e305985 elementor-widget elementor-widget-heading\" data-id=\"e305985\" data-element_type=\"widget\" data-widget_type=\"heading.default\">\n\t\t\t\t<div class=\"elementor-widget-container\">\n\t\t\t<style>\/*! elementor - v3.22.0 - 26-06-2024 *\/\n.elementor-heading-title{padding:0;margin:0;line-height:1}.elementor-widget-heading .elementor-heading-title[class*=elementor-size-]>a{color:inherit;font-size:inherit;line-height:inherit}.elementor-widget-heading .elementor-heading-title.elementor-size-small{font-size:15px}.elementor-widget-heading .elementor-heading-title.elementor-size-medium{font-size:19px}.elementor-widget-heading .elementor-heading-title.elementor-size-large{font-size:29px}.elementor-widget-heading .elementor-heading-title.elementor-size-xl{font-size:39px}.elementor-widget-heading .elementor-heading-title.elementor-size-xxl{font-size:59px}<\/style><h2 class=\"elementor-heading-title elementor-size-default\">Pas p\u00e5 din virksomhed og dit team<\/h2>\t\t<\/div>\n\t\t\t\t<\/div>\n\t\t\t\t<div class=\"elementor-element elementor-element-746b906 elementor-widget elementor-widget-text-editor\" data-id=\"746b906\" data-element_type=\"widget\" data-widget_type=\"text-editor.default\">\n\t\t\t\t<div class=\"elementor-widget-container\">\n\t\t\t<style>\/*! elementor - v3.22.0 - 26-06-2024 *\/\n.elementor-widget-text-editor.elementor-drop-cap-view-stacked .elementor-drop-cap{background-color:#69727d;color:#fff}.elementor-widget-text-editor.elementor-drop-cap-view-framed .elementor-drop-cap{color:#69727d;border:3px solid;background-color:transparent}.elementor-widget-text-editor:not(.elementor-drop-cap-view-default) .elementor-drop-cap{margin-top:8px}.elementor-widget-text-editor:not(.elementor-drop-cap-view-default) .elementor-drop-cap-letter{width:1em;height:1em}.elementor-widget-text-editor .elementor-drop-cap{float:left;text-align:center;line-height:1;font-size:50px}.elementor-widget-text-editor .elementor-drop-cap-letter{display:inline-block}<\/style>\t\t\t\t<p>En yogatjeneste, der er tilpasset professionelle sammenh\u00e6nge og struktureret omkring tematiske moduler.<\/p>\n<p>Yoga, et forebyggende sundhedsv\u00e6rkt\u00f8j for medarbejdere.\u2028Medarbejdernes sundhed er vigtig for virksomheden. De fleste frav\u00e6r skyldes computerstive kroppe med udfordrende smerter. N\u00e5r man er i erhvervssektoren oplever medarbejderne ofte perioder med acceleration i deres ansvar og aktivitetsniveau, dette skaber stress, tr\u00e6thed og nogle gange udbr\u00e6ndthed.<\/p>\t\t\t\t\t\t<\/div>\n\t\t\t\t<\/div>\n\t\t\t\t<\/div>\n\t\t<div class=\"elementor-element elementor-element-36f209e e-con-full e-flex e-con e-child\" data-id=\"36f209e\" data-element_type=\"container\">\n\t\t\t\t<div class=\"elementor-element elementor-element-59013d5 elementor-widget elementor-widget-image\" data-id=\"59013d5\" data-element_type=\"widget\" data-widget_type=\"image.default\">\n\t\t\t\t<div class=\"elementor-widget-container\">\n\t\t\t<style>\/*! elementor - v3.22.0 - 26-06-2024 *\/\n.elementor-widget-image{text-align:center}.elementor-widget-image a{display:inline-block}.elementor-widget-image a img[src$=\".svg\"]{width:48px}.elementor-widget-image img{vertical-align:middle;display:inline-block}<\/style>\t\t\t\t\t\t\t\t\t\t<img fetchpriority=\"high\" decoding=\"async\" width=\"1024\" height=\"1024\" src=\"https:\/\/sarahyoga.dk\/wp-content\/uploads\/2024\/05\/Company-1-1024x1024.png\" class=\"attachment-large size-large wp-image-18008\" alt=\"\" srcset=\"https:\/\/sarahyoga.dk\/wp-content\/uploads\/2024\/05\/Company-1-1024x1024.png 1024w, https:\/\/sarahyoga.dk\/wp-content\/uploads\/2024\/05\/Company-1-300x300.png 300w, https:\/\/sarahyoga.dk\/wp-content\/uploads\/2024\/05\/Company-1-150x150.png 150w, https:\/\/sarahyoga.dk\/wp-content\/uploads\/2024\/05\/Company-1-768x768.png 768w, https:\/\/sarahyoga.dk\/wp-content\/uploads\/2024\/05\/Company-1-1536x1536.png 1536w, https:\/\/sarahyoga.dk\/wp-content\/uploads\/2024\/05\/Company-1-2048x2048.png 2048w, https:\/\/sarahyoga.dk\/wp-content\/uploads\/2024\/05\/Company-1-650x650.png 650w, https:\/\/sarahyoga.dk\/wp-content\/uploads\/2024\/05\/Company-1-1300x1300.png 1300w, https:\/\/sarahyoga.dk\/wp-content\/uploads\/2024\/05\/Company-1-600x600.png 600w, https:\/\/sarahyoga.dk\/wp-content\/uploads\/2024\/05\/Company-1-100x100.png 100w\" sizes=\"(max-width: 1024px) 100vw, 1024px\" \/>\t\t\t\t\t\t\t\t\t\t\t\t\t<\/div>\n\t\t\t\t<\/div>\n\t\t\t\t<\/div>\n\t\t\t\t\t<\/div>\n\t\t\t\t<\/div>\n\t\t<div class=\"elementor-element elementor-element-5a24811 e-flex e-con-boxed e-con e-parent\" data-id=\"5a24811\" data-element_type=\"container\" data-settings=\"{&quot;background_background&quot;:&quot;classic&quot;}\">\n\t\t\t\t\t<div class=\"e-con-inner\">\n\t\t\t\t<div class=\"elementor-element elementor-element-9b6228b elementor-widget elementor-widget-text-editor\" data-id=\"9b6228b\" data-element_type=\"widget\" data-widget_type=\"text-editor.default\">\n\t\t\t\t<div class=\"elementor-widget-container\">\n\t\t\t\t\t\t\t<p><!-- wp:quote {\"align\":\"center\"} --><\/p>\n<blockquote>\n<p><!-- wp:paragraph {\"align\":\"center\"} --><\/p>\n<p>\u201cAdapting yoga to suit the needs of every unique individual is where the true greatness of yoga lies\u201d<\/p>\n<p><!-- \/wp:paragraph --><\/p>\n<p><cite>&#8211; TKV Desikachar, mester yogi<\/cite><\/p>\n<\/blockquote>\n<p><!-- \/wp:paragraph --><\/p>\t\t\t\t\t\t<\/div>\n\t\t\t\t<\/div>\n\t\t\t\t\t<\/div>\n\t\t\t\t<\/div>\n\t\t<div class=\"elementor-element elementor-element-696c7d5 e-flex e-con-boxed e-con e-parent\" data-id=\"696c7d5\" data-element_type=\"container\">\n\t\t\t\t\t<div class=\"e-con-inner\">\n\t\t\t\t<div class=\"elementor-element elementor-element-8a8bb44 elementor-widget elementor-widget-heading\" data-id=\"8a8bb44\" data-element_type=\"widget\" data-widget_type=\"heading.default\">\n\t\t\t\t<div class=\"elementor-widget-container\">\n\t\t\t<h2 class=\"elementor-heading-title elementor-size-default\">6 Moduler<\/h2>\t\t<\/div>\n\t\t\t\t<\/div>\n\t\t\t\t<div class=\"elementor-element elementor-element-966f77c elementor-widget elementor-widget-text-editor\" data-id=\"966f77c\" data-element_type=\"widget\" data-widget_type=\"text-editor.default\">\n\t\t\t\t<div class=\"elementor-widget-container\">\n\t\t\t\t\t\t\t<p>Jeg foresl\u00e5r derfor f\u00f8lgende 6 moduler med temaer, man st\u00f8der p\u00e5 i vores stressede verden, disse skal im\u00f8dekomme dine behov og dine ansattes \u00f8nsker.<\/p>\t\t\t\t\t\t<\/div>\n\t\t\t\t<\/div>\n\t\t\t\t\t<\/div>\n\t\t\t\t<\/div>\n\t\t<div class=\"elementor-element elementor-element-39c9656 e-flex e-con-boxed e-con e-parent\" data-id=\"39c9656\" data-element_type=\"container\">\n\t\t\t\t\t<div class=\"e-con-inner\">\n\t\t<div class=\"elementor-element elementor-element-4cef2d7 e-con-full e-flex e-con e-child\" data-id=\"4cef2d7\" data-element_type=\"container\">\n\t\t\t\t<div class=\"elementor-element elementor-element-c0f6f62 elementor-widget elementor-widget-image\" data-id=\"c0f6f62\" data-element_type=\"widget\" data-widget_type=\"image.default\">\n\t\t\t\t<div class=\"elementor-widget-container\">\n\t\t\t\t\t\t\t\t\t\t\t\t\t<img decoding=\"async\" src=\"https:\/\/sarahyoga.dk\/wp-content\/uploads\/2025\/10\/meditation-2.png\" title=\"meditation-2\" alt=\"meditation-2\" loading=\"lazy\" \/>\t\t\t\t\t\t\t\t\t\t\t\t\t<\/div>\n\t\t\t\t<\/div>\n\t\t\t\t<div class=\"elementor-element elementor-element-5e146a3 elementor-widget elementor-widget-heading\" data-id=\"5e146a3\" data-element_type=\"widget\" data-widget_type=\"heading.default\">\n\t\t\t\t<div class=\"elementor-widget-container\">\n\t\t\t<h5 class=\"elementor-heading-title elementor-size-default\">Mental stop<\/h5>\t\t<\/div>\n\t\t\t\t<\/div>\n\t\t\t\t<\/div>\n\t\t<div class=\"elementor-element elementor-element-cac491d e-con-full e-flex e-con e-child\" data-id=\"cac491d\" data-element_type=\"container\">\n\t\t\t\t<div class=\"elementor-element elementor-element-669fbfb elementor-widget elementor-widget-image\" data-id=\"669fbfb\" data-element_type=\"widget\" data-widget_type=\"image.default\">\n\t\t\t\t<div class=\"elementor-widget-container\">\n\t\t\t\t\t\t\t\t\t\t\t\t\t<img decoding=\"async\" src=\"https:\/\/sarahyoga.dk\/wp-content\/uploads\/2025\/10\/exercise.png\" title=\"exercise\" alt=\"exercise\" loading=\"lazy\" \/>\t\t\t\t\t\t\t\t\t\t\t\t\t<\/div>\n\t\t\t\t<\/div>\n\t\t\t\t<div class=\"elementor-element elementor-element-a1f8bb1 elementor-widget elementor-widget-heading\" data-id=\"a1f8bb1\" data-element_type=\"widget\" data-widget_type=\"heading.default\">\n\t\t\t\t<div class=\"elementor-widget-container\">\n\t\t\t<h5 class=\"elementor-heading-title elementor-size-default\">F\u00e6rre sp\u00e6ndinger i kroppen<\/h5>\t\t<\/div>\n\t\t\t\t<\/div>\n\t\t\t\t<\/div>\n\t\t<div class=\"elementor-element elementor-element-44540b8 e-con-full e-flex e-con e-child\" data-id=\"44540b8\" data-element_type=\"container\">\n\t\t\t\t<div class=\"elementor-element elementor-element-88b6127 elementor-widget elementor-widget-image\" data-id=\"88b6127\" data-element_type=\"widget\" data-widget_type=\"image.default\">\n\t\t\t\t<div class=\"elementor-widget-container\">\n\t\t\t\t\t\t\t\t\t\t\t\t\t<img decoding=\"async\" src=\"https:\/\/sarahyoga.dk\/wp-content\/uploads\/2025\/10\/lotus.png\" title=\"lotus\" alt=\"lotus\" loading=\"lazy\" \/>\t\t\t\t\t\t\t\t\t\t\t\t\t<\/div>\n\t\t\t\t<\/div>\n\t\t\t\t<div class=\"elementor-element elementor-element-efbea31 elementor-widget elementor-widget-heading\" data-id=\"efbea31\" data-element_type=\"widget\" data-widget_type=\"heading.default\">\n\t\t\t\t<div class=\"elementor-widget-container\">\n\t\t\t<h5 class=\"elementor-heading-title elementor-size-default\">Regenereret\/fornyetenergi<\/h5>\t\t<\/div>\n\t\t\t\t<\/div>\n\t\t\t\t<\/div>\n\t\t<div class=\"elementor-element elementor-element-32181a7 e-con-full e-flex e-con e-child\" data-id=\"32181a7\" data-element_type=\"container\">\n\t\t\t\t<div class=\"elementor-element elementor-element-231fa4c elementor-widget elementor-widget-image\" data-id=\"231fa4c\" data-element_type=\"widget\" data-widget_type=\"image.default\">\n\t\t\t\t<div class=\"elementor-widget-container\">\n\t\t\t\t\t\t\t\t\t\t\t\t\t<img decoding=\"async\" src=\"https:\/\/sarahyoga.dk\/wp-content\/uploads\/2025\/10\/tea-cup.png\" title=\"tea-cup\" alt=\"tea-cup\" loading=\"lazy\" \/>\t\t\t\t\t\t\t\t\t\t\t\t\t<\/div>\n\t\t\t\t<\/div>\n\t\t\t\t<div class=\"elementor-element elementor-element-060d446 elementor-widget elementor-widget-heading\" data-id=\"060d446\" data-element_type=\"widget\" data-widget_type=\"heading.default\">\n\t\t\t\t<div class=\"elementor-widget-container\">\n\t\t\t<h5 class=\"elementor-heading-title elementor-size-default\">Bedre ford\u00f8jelse<\/h5>\t\t<\/div>\n\t\t\t\t<\/div>\n\t\t\t\t<\/div>\n\t\t<div class=\"elementor-element elementor-element-ac1f53b e-con-full e-flex e-con e-child\" data-id=\"ac1f53b\" data-element_type=\"container\">\n\t\t\t\t<div class=\"elementor-element elementor-element-d40614d elementor-widget elementor-widget-image\" data-id=\"d40614d\" data-element_type=\"widget\" data-widget_type=\"image.default\">\n\t\t\t\t<div class=\"elementor-widget-container\">\n\t\t\t\t\t\t\t\t\t\t\t\t\t<img decoding=\"async\" src=\"https:\/\/sarahyoga.dk\/wp-content\/uploads\/2025\/10\/yoga.png\" title=\"yoga\" alt=\"yoga\" loading=\"lazy\" \/>\t\t\t\t\t\t\t\t\t\t\t\t\t<\/div>\n\t\t\t\t<\/div>\n\t\t\t\t<div class=\"elementor-element elementor-element-8527cb2 elementor-widget elementor-widget-heading\" data-id=\"8527cb2\" data-element_type=\"widget\" data-widget_type=\"heading.default\">\n\t\t\t\t<div class=\"elementor-widget-container\">\n\t\t\t<h5 class=\"elementor-heading-title elementor-size-default\">St\u00f8rre Selvtillid<\/h5>\t\t<\/div>\n\t\t\t\t<\/div>\n\t\t\t\t<\/div>\n\t\t<div class=\"elementor-element elementor-element-2bc1576 e-con-full e-flex e-con e-child\" data-id=\"2bc1576\" data-element_type=\"container\">\n\t\t\t\t<div class=\"elementor-element elementor-element-aa0b316 elementor-widget elementor-widget-image\" data-id=\"aa0b316\" data-element_type=\"widget\" data-widget_type=\"image.default\">\n\t\t\t\t<div class=\"elementor-widget-container\">\n\t\t\t\t\t\t\t\t\t\t\t\t\t<img decoding=\"async\" src=\"https:\/\/sarahyoga.dk\/wp-content\/uploads\/2025\/10\/man.png\" title=\"man\" alt=\"man\" loading=\"lazy\" \/>\t\t\t\t\t\t\t\t\t\t\t\t\t<\/div>\n\t\t\t\t<\/div>\n\t\t\t\t<div class=\"elementor-element elementor-element-b68482f elementor-widget elementor-widget-heading\" data-id=\"b68482f\" data-element_type=\"widget\" data-widget_type=\"heading.default\">\n\t\t\t\t<div class=\"elementor-widget-container\">\n\t\t\t<h5 class=\"elementor-heading-title elementor-size-default\">Fokus p\u00e5 koncentration<\/h5>\t\t<\/div>\n\t\t\t\t<\/div>\n\t\t\t\t<\/div>\n\t\t\t\t\t<\/div>\n\t\t\t\t<\/div>\n\t\t<div class=\"elementor-element elementor-element-428bd09 e-flex e-con-boxed e-con e-parent\" data-id=\"428bd09\" data-element_type=\"container\">\n\t\t\t\t\t<div class=\"e-con-inner\">\n\t\t\t\t<div class=\"elementor-element elementor-element-caa0f35 elementor-widget elementor-widget-reina_core_button\" data-id=\"caa0f35\" data-element_type=\"widget\" data-widget_type=\"reina_core_button.default\">\n\t\t\t\t<div class=\"elementor-widget-container\">\n\t\t\t<a class=\"qodef-shortcode qodef-m  qodef-button qodef-layout--filled  qodef-html--link\" href=\"\" target=\"_self\"  style=\"background-color: #E2BA00\">\n\t<span class=\"qodef-m-text\">Kontakt Mig<\/span>\n\t<span class=\"qodef-m-background\" style=\"color: #C09E00\"><\/span>\n<\/a>\n\t\t<\/div>\n\t\t\t\t<\/div>\n\t\t\t\t\t<\/div>\n\t\t\t\t<\/div>\n\t\t\t\t<\/div>\n\t\t","protected":false},"excerpt":{"rendered":"<p>Pas p\u00e5 din virksomhed og dit team En yogatjeneste, der er tilpasset professionelle sammenh\u00e6nge og struktureret omkring tematiske moduler. Yoga, et forebyggende sundhedsv\u00e6rkt\u00f8j for medarbejdere.\u2028Medarbejdernes sundhed er vigtig for virksomheden. De fleste frav\u00e6r skyldes computerstive kroppe med udfordrende smerter. N\u00e5r man er i erhvervssektoren oplever medarbejderne ofte perioder med acceleration i deres ansvar og aktivitetsniveau, [&hellip;]<\/p>\n","protected":false},"author":1,"featured_media":0,"parent":0,"menu_order":0,"comment_status":"closed","ping_status":"closed","template":"page-full-width.php","meta":{"footnotes":""},"class_list":["post-17172","page","type-page","status-publish","hentry"],"_links":{"self":[{"href":"https:\/\/sarahyoga.dk\/index.php?rest_route=\/wp\/v2\/pages\/17172","targetHints":{"allow":["GET"]}}],"collection":[{"href":"https:\/\/sarahyoga.dk\/index.php?rest_route=\/wp\/v2\/pages"}],"about":[{"href":"https:\/\/sarahyoga.dk\/index.php?rest_route=\/wp\/v2\/types\/page"}],"author":[{"embeddable":true,"href":"https:\/\/sarahyoga.dk\/index.php?rest_route=\/wp\/v2\/users\/1"}],"replies":[{"embeddable":true,"href":"https:\/\/sarahyoga.dk\/index.php?rest_route=%2Fwp%2Fv2%2Fcomments&post=17172"}],"version-history":[{"count":108,"href":"https:\/\/sarahyoga.dk\/index.php?rest_route=\/wp\/v2\/pages\/17172\/revisions"}],"predecessor-version":[{"id":18502,"href":"https:\/\/sarahyoga.dk\/index.php?rest_route=\/wp\/v2\/pages\/17172\/revisions\/18502"}],"wp:attachment":[{"href":"https:\/\/sarahyoga.dk\/index.php?rest_route=%2Fwp%2Fv2%2Fmedia&parent=17172"}],"curies":[{"name":"wp","href":"https:\/\/api.w.org\/{rel}","templated":true}]}}