{"id":17139,"date":"2024-04-17T16:17:54","date_gmt":"2024-04-17T14:17:54","guid":{"rendered":"http:\/\/sarahyoga.dk\/?page_id=17139"},"modified":"2024-07-08T19:08:06","modified_gmt":"2024-07-08T17:08:06","slug":"one-to-one-timer","status":"publish","type":"page","link":"https:\/\/sarahyoga.dk\/?page_id=17139&lang=fr","title":{"rendered":"One on One FR"},"content":{"rendered":"\t\t<div data-elementor-type=\"wp-page\" data-elementor-id=\"17139\" class=\"elementor elementor-17139\">\n\t\t\t\t<div class=\"elementor-element elementor-element-47facbd e-flex e-con-boxed e-con e-parent\" data-id=\"47facbd\" data-element_type=\"container\">\n\t\t\t\t\t<div class=\"e-con-inner\">\n\t\t<div class=\"elementor-element elementor-element-7d140c1 e-con-full e-flex e-con e-child\" data-id=\"7d140c1\" data-element_type=\"container\">\n\t\t\t\t<div class=\"elementor-element elementor-element-023dab7 elementor-widget elementor-widget-heading\" data-id=\"023dab7\" data-element_type=\"widget\" data-widget_type=\"heading.default\">\n\t\t\t\t<div class=\"elementor-widget-container\">\n\t\t\t<style>\/*! elementor - v3.22.0 - 26-06-2024 *\/\n.elementor-heading-title{padding:0;margin:0;line-height:1}.elementor-widget-heading .elementor-heading-title[class*=elementor-size-]>a{color:inherit;font-size:inherit;line-height:inherit}.elementor-widget-heading .elementor-heading-title.elementor-size-small{font-size:15px}.elementor-widget-heading .elementor-heading-title.elementor-size-medium{font-size:19px}.elementor-widget-heading .elementor-heading-title.elementor-size-large{font-size:29px}.elementor-widget-heading .elementor-heading-title.elementor-size-xl{font-size:39px}.elementor-widget-heading .elementor-heading-title.elementor-size-xxl{font-size:59px}<\/style><h2 class=\"elementor-heading-title elementor-size-default\">Suivi individuel<\/h2>\t\t<\/div>\n\t\t\t\t<\/div>\n\t\t\t\t<div class=\"elementor-element elementor-element-a8672d2 elementor-widget elementor-widget-text-editor\" data-id=\"a8672d2\" data-element_type=\"widget\" data-widget_type=\"text-editor.default\">\n\t\t\t\t<div class=\"elementor-widget-container\">\n\t\t\t<style>\/*! elementor - v3.22.0 - 26-06-2024 *\/\n.elementor-widget-text-editor.elementor-drop-cap-view-stacked .elementor-drop-cap{background-color:#69727d;color:#fff}.elementor-widget-text-editor.elementor-drop-cap-view-framed .elementor-drop-cap{color:#69727d;border:3px solid;background-color:transparent}.elementor-widget-text-editor:not(.elementor-drop-cap-view-default) .elementor-drop-cap{margin-top:8px}.elementor-widget-text-editor:not(.elementor-drop-cap-view-default) .elementor-drop-cap-letter{width:1em;height:1em}.elementor-widget-text-editor .elementor-drop-cap{float:left;text-align:center;line-height:1;font-size:50px}.elementor-widget-text-editor .elementor-drop-cap-letter{display:inline-block}<\/style>\t\t\t\t<p>Certains d\u2019entre nous sont contraints par leur emploi du temps, par leur corps ou par l\u2019id\u00e9e m\u00eame de ce qu\u2019est le yoga. D\u00e9couvrez le suivi individuel pour trouver Votre Yoga.<br \/>Nous \u00e9changeons et suite \u00e0 votre demande je vous construit une s\u00e9ance en fonction de vos besoins et capacit\u00e9s.<br \/>Le yoga r\u00e9pond a tout cela avec les postures, les exercices de respirations, les mantras, les mudras.<\/p>\t\t\t\t\t\t<\/div>\n\t\t\t\t<\/div>\n\t\t\t\t<div class=\"elementor-element elementor-element-125a5d3 elementor-widget elementor-widget-reina_core_button\" data-id=\"125a5d3\" data-element_type=\"widget\" data-widget_type=\"reina_core_button.default\">\n\t\t\t\t<div class=\"elementor-widget-container\">\n\t\t\t<a class=\"qodef-shortcode qodef-m  qodef-button qodef-layout--filled  qodef-html--link\" href=\"\" target=\"_self\"  style=\"background-color: #E2BA00\">\n\t<span class=\"qodef-m-text\">Plus d&#039;info<\/span>\n\t<span class=\"qodef-m-background\" style=\"color: #C09E00\"><\/span>\n<\/a>\n\t\t<\/div>\n\t\t\t\t<\/div>\n\t\t\t\t<\/div>\n\t\t<div class=\"elementor-element elementor-element-97b4f15 e-con-full e-flex e-con e-child\" data-id=\"97b4f15\" data-element_type=\"container\">\n\t\t\t\t<div class=\"elementor-element elementor-element-1e54d55 elementor-widget elementor-widget-image\" data-id=\"1e54d55\" data-element_type=\"widget\" data-widget_type=\"image.default\">\n\t\t\t\t<div class=\"elementor-widget-container\">\n\t\t\t<style>\/*! elementor - v3.22.0 - 26-06-2024 *\/\n.elementor-widget-image{text-align:center}.elementor-widget-image a{display:inline-block}.elementor-widget-image a img[src$=\".svg\"]{width:48px}.elementor-widget-image img{vertical-align:middle;display:inline-block}<\/style>\t\t\t\t\t\t\t\t\t\t<img fetchpriority=\"high\" decoding=\"async\" width=\"1024\" height=\"1024\" src=\"https:\/\/sarahyoga.dk\/wp-content\/uploads\/2024\/05\/SLCphotosindiv126_-1024x1024.png\" class=\"attachment-large size-large wp-image-18028\" alt=\"\" srcset=\"https:\/\/sarahyoga.dk\/wp-content\/uploads\/2024\/05\/SLCphotosindiv126_-1024x1024.png 1024w, https:\/\/sarahyoga.dk\/wp-content\/uploads\/2024\/05\/SLCphotosindiv126_-300x300.png 300w, https:\/\/sarahyoga.dk\/wp-content\/uploads\/2024\/05\/SLCphotosindiv126_-150x150.png 150w, https:\/\/sarahyoga.dk\/wp-content\/uploads\/2024\/05\/SLCphotosindiv126_-768x768.png 768w, https:\/\/sarahyoga.dk\/wp-content\/uploads\/2024\/05\/SLCphotosindiv126_-1536x1536.png 1536w, https:\/\/sarahyoga.dk\/wp-content\/uploads\/2024\/05\/SLCphotosindiv126_-2048x2048.png 2048w, https:\/\/sarahyoga.dk\/wp-content\/uploads\/2024\/05\/SLCphotosindiv126_-650x650.png 650w, https:\/\/sarahyoga.dk\/wp-content\/uploads\/2024\/05\/SLCphotosindiv126_-1300x1300.png 1300w, https:\/\/sarahyoga.dk\/wp-content\/uploads\/2024\/05\/SLCphotosindiv126_-600x600.png 600w, https:\/\/sarahyoga.dk\/wp-content\/uploads\/2024\/05\/SLCphotosindiv126_-100x100.png 100w\" sizes=\"(max-width: 1024px) 100vw, 1024px\" \/>\t\t\t\t\t\t\t\t\t\t\t\t\t<\/div>\n\t\t\t\t<\/div>\n\t\t\t\t<\/div>\n\t\t\t\t\t<\/div>\n\t\t\t\t<\/div>\n\t\t<div class=\"elementor-element elementor-element-5460f3a9 e-flex e-con-boxed e-con e-parent\" data-id=\"5460f3a9\" data-element_type=\"container\" data-settings=\"{&quot;background_background&quot;:&quot;classic&quot;}\">\n\t\t\t\t\t<div class=\"e-con-inner\">\n\t\t\t\t<div class=\"elementor-element elementor-element-20e3eb8c elementor-widget elementor-widget-text-editor\" data-id=\"20e3eb8c\" data-element_type=\"widget\" data-widget_type=\"text-editor.default\">\n\t\t\t\t<div class=\"elementor-widget-container\">\n\t\t\t\t\t\t\t<p><!-- wp:quote {\"align\":\"center\"} --><\/p>\n<blockquote class=\"wp-block-quote has-text-align-center\">\n<p><!-- wp:paragraph {\"align\":\"center\"} --><\/p>\n<p class=\"has-text-align-center\">\u201c Ce n\u2019est pas \u00e0 la personne de s\u2019adapter au yoga mais au yoga d\u2019\u00eatre ajust\u00e9 \u00e0 chacun \u201d <!-- \/wp:paragraph --><cite>&#8211; Yoga-Sutra III.6<\/cite><\/p>\n<\/blockquote>\n<p><!-- \/wp:paragraph --><\/p>\t\t\t\t\t\t<\/div>\n\t\t\t\t<\/div>\n\t\t\t\t\t<\/div>\n\t\t\t\t<\/div>\n\t\t<div class=\"elementor-element elementor-element-bff60a1 e-flex e-con-boxed e-con e-parent\" data-id=\"bff60a1\" data-element_type=\"container\">\n\t\t\t\t\t<div class=\"e-con-inner\">\n\t\t\t\t<div class=\"elementor-element elementor-element-049fa5d elementor-widget elementor-widget-heading\" data-id=\"049fa5d\" data-element_type=\"widget\" data-widget_type=\"heading.default\">\n\t\t\t\t<div class=\"elementor-widget-container\">\n\t\t\t<h2 class=\"elementor-heading-title elementor-size-default\">De quoi as tu besoin?<\/h2>\t\t<\/div>\n\t\t\t\t<\/div>\n\t\t\t\t\t<\/div>\n\t\t\t\t<\/div>\n\t\t<div class=\"elementor-element elementor-element-c58dbd2 e-flex e-con-boxed e-con e-parent\" data-id=\"c58dbd2\" data-element_type=\"container\">\n\t\t\t\t\t<div class=\"e-con-inner\">\n\t\t<div class=\"elementor-element elementor-element-d4d9b3d e-con-full e-flex e-con e-child\" data-id=\"d4d9b3d\" data-element_type=\"container\">\n\t\t\t\t<div class=\"elementor-element elementor-element-4e187d8 elementor-widget elementor-widget-image\" data-id=\"4e187d8\" data-element_type=\"widget\" data-widget_type=\"image.default\">\n\t\t\t\t<div class=\"elementor-widget-container\">\n\t\t\t\t\t\t\t\t\t\t\t\t\t<img decoding=\"async\" width=\"1024\" height=\"1024\" src=\"https:\/\/sarahyoga.dk\/wp-content\/uploads\/2024\/04\/Photos-30-10-23-63-2-1024x1024.jpg\" class=\"attachment-large size-large wp-image-17331\" alt=\"\" srcset=\"https:\/\/sarahyoga.dk\/wp-content\/uploads\/2024\/04\/Photos-30-10-23-63-2-1024x1024.jpg 1024w, https:\/\/sarahyoga.dk\/wp-content\/uploads\/2024\/04\/Photos-30-10-23-63-2-300x300.jpg 300w, https:\/\/sarahyoga.dk\/wp-content\/uploads\/2024\/04\/Photos-30-10-23-63-2-150x150.jpg 150w, https:\/\/sarahyoga.dk\/wp-content\/uploads\/2024\/04\/Photos-30-10-23-63-2-768x768.jpg 768w, https:\/\/sarahyoga.dk\/wp-content\/uploads\/2024\/04\/Photos-30-10-23-63-2-1536x1536.jpg 1536w, https:\/\/sarahyoga.dk\/wp-content\/uploads\/2024\/04\/Photos-30-10-23-63-2-2048x2048.jpg 2048w, https:\/\/sarahyoga.dk\/wp-content\/uploads\/2024\/04\/Photos-30-10-23-63-2-650x650.jpg 650w, https:\/\/sarahyoga.dk\/wp-content\/uploads\/2024\/04\/Photos-30-10-23-63-2-1300x1300.jpg 1300w, https:\/\/sarahyoga.dk\/wp-content\/uploads\/2024\/04\/Photos-30-10-23-63-2-600x600.jpg 600w, https:\/\/sarahyoga.dk\/wp-content\/uploads\/2024\/04\/Photos-30-10-23-63-2-100x100.jpg 100w\" sizes=\"(max-width: 1024px) 100vw, 1024px\" \/>\t\t\t\t\t\t\t\t\t\t\t\t\t<\/div>\n\t\t\t\t<\/div>\n\t\t\t\t<\/div>\n\t\t<div class=\"elementor-element elementor-element-762808c e-con-full e-flex e-con e-child\" data-id=\"762808c\" data-element_type=\"container\">\n\t\t\t\t<div class=\"elementor-element elementor-element-c1d9258 elementor-widget elementor-widget-image\" data-id=\"c1d9258\" data-element_type=\"widget\" data-widget_type=\"image.default\">\n\t\t\t\t<div class=\"elementor-widget-container\">\n\t\t\t\t\t\t\t\t\t\t\t\t\t<img decoding=\"async\" width=\"1024\" height=\"1024\" src=\"https:\/\/sarahyoga.dk\/wp-content\/uploads\/2024\/04\/Photos-30-10-23-71-2-1024x1024.jpg\" class=\"attachment-large size-large wp-image-17332\" alt=\"\" srcset=\"https:\/\/sarahyoga.dk\/wp-content\/uploads\/2024\/04\/Photos-30-10-23-71-2-1024x1024.jpg 1024w, https:\/\/sarahyoga.dk\/wp-content\/uploads\/2024\/04\/Photos-30-10-23-71-2-300x300.jpg 300w, https:\/\/sarahyoga.dk\/wp-content\/uploads\/2024\/04\/Photos-30-10-23-71-2-150x150.jpg 150w, https:\/\/sarahyoga.dk\/wp-content\/uploads\/2024\/04\/Photos-30-10-23-71-2-768x768.jpg 768w, https:\/\/sarahyoga.dk\/wp-content\/uploads\/2024\/04\/Photos-30-10-23-71-2-1536x1536.jpg 1536w, https:\/\/sarahyoga.dk\/wp-content\/uploads\/2024\/04\/Photos-30-10-23-71-2-2048x2048.jpg 2048w, https:\/\/sarahyoga.dk\/wp-content\/uploads\/2024\/04\/Photos-30-10-23-71-2-650x650.jpg 650w, https:\/\/sarahyoga.dk\/wp-content\/uploads\/2024\/04\/Photos-30-10-23-71-2-1300x1300.jpg 1300w, https:\/\/sarahyoga.dk\/wp-content\/uploads\/2024\/04\/Photos-30-10-23-71-2-600x600.jpg 600w, https:\/\/sarahyoga.dk\/wp-content\/uploads\/2024\/04\/Photos-30-10-23-71-2-100x100.jpg 100w\" sizes=\"(max-width: 1024px) 100vw, 1024px\" \/>\t\t\t\t\t\t\t\t\t\t\t\t\t<\/div>\n\t\t\t\t<\/div>\n\t\t\t\t<\/div>\n\t\t<div class=\"elementor-element elementor-element-c953aad e-con-full e-flex e-con e-child\" data-id=\"c953aad\" data-element_type=\"container\">\n\t\t\t\t<div class=\"elementor-element elementor-element-f67d255 elementor-widget elementor-widget-image\" data-id=\"f67d255\" data-element_type=\"widget\" data-widget_type=\"image.default\">\n\t\t\t\t<div class=\"elementor-widget-container\">\n\t\t\t\t\t\t\t\t\t\t\t\t\t<img loading=\"lazy\" decoding=\"async\" width=\"1024\" height=\"1024\" src=\"https:\/\/sarahyoga.dk\/wp-content\/uploads\/2024\/04\/Photos-30-10-23-34-2-1024x1024.jpg\" class=\"attachment-large size-large wp-image-17330\" alt=\"\" srcset=\"https:\/\/sarahyoga.dk\/wp-content\/uploads\/2024\/04\/Photos-30-10-23-34-2-1024x1024.jpg 1024w, https:\/\/sarahyoga.dk\/wp-content\/uploads\/2024\/04\/Photos-30-10-23-34-2-300x300.jpg 300w, https:\/\/sarahyoga.dk\/wp-content\/uploads\/2024\/04\/Photos-30-10-23-34-2-150x150.jpg 150w, https:\/\/sarahyoga.dk\/wp-content\/uploads\/2024\/04\/Photos-30-10-23-34-2-768x768.jpg 768w, https:\/\/sarahyoga.dk\/wp-content\/uploads\/2024\/04\/Photos-30-10-23-34-2-1536x1536.jpg 1536w, https:\/\/sarahyoga.dk\/wp-content\/uploads\/2024\/04\/Photos-30-10-23-34-2-2048x2048.jpg 2048w, https:\/\/sarahyoga.dk\/wp-content\/uploads\/2024\/04\/Photos-30-10-23-34-2-650x650.jpg 650w, https:\/\/sarahyoga.dk\/wp-content\/uploads\/2024\/04\/Photos-30-10-23-34-2-1300x1300.jpg 1300w, https:\/\/sarahyoga.dk\/wp-content\/uploads\/2024\/04\/Photos-30-10-23-34-2-600x600.jpg 600w, https:\/\/sarahyoga.dk\/wp-content\/uploads\/2024\/04\/Photos-30-10-23-34-2-100x100.jpg 100w\" sizes=\"(max-width: 1024px) 100vw, 1024px\" \/>\t\t\t\t\t\t\t\t\t\t\t\t\t<\/div>\n\t\t\t\t<\/div>\n\t\t\t\t<\/div>\n\t\t<div class=\"elementor-element elementor-element-1f8a634 e-con-full e-flex e-con e-child\" data-id=\"1f8a634\" data-element_type=\"container\">\n\t\t\t\t<div class=\"elementor-element elementor-element-44e7032 elementor-widget elementor-widget-heading\" data-id=\"44e7032\" data-element_type=\"widget\" data-widget_type=\"heading.default\">\n\t\t\t\t<div class=\"elementor-widget-container\">\n\t\t\t<h4 class=\"elementor-heading-title elementor-size-medium\">D\u00e9couvrir<\/h4>\t\t<\/div>\n\t\t\t\t<\/div>\n\t\t\t\t<div class=\"elementor-element elementor-element-914dd95 elementor-widget elementor-widget-text-editor\" data-id=\"914dd95\" data-element_type=\"widget\" data-widget_type=\"text-editor.default\">\n\t\t\t\t<div class=\"elementor-widget-container\">\n\t\t\t\t\t\t\t<p>Le yoga est \u00e0 la port\u00e9e de tous, peu importe l\u2019\u00e2ge, la souplesse, le corps. Il suffit de prendre en compte vos \u00e9l\u00e9ments personnels pour vous guider vers une pratique adapt\u00e9e.<\/p>\n<p><br \/>La d\u00e9couverte se fait souvent en se reconnectant \u00e0 sa respiration, qui est la base de la vie.<\/p>\t\t\t\t\t\t<\/div>\n\t\t\t\t<\/div>\n\t\t\t\t<\/div>\n\t\t<div class=\"elementor-element elementor-element-1224cf8 e-con-full e-flex e-con e-child\" data-id=\"1224cf8\" data-element_type=\"container\">\n\t\t\t\t<div class=\"elementor-element elementor-element-1e8a9d3 elementor-widget elementor-widget-heading\" data-id=\"1e8a9d3\" data-element_type=\"widget\" data-widget_type=\"heading.default\">\n\t\t\t\t<div class=\"elementor-widget-container\">\n\t\t\t<h4 class=\"elementor-heading-title elementor-size-medium\">Adapter<\/h4>\t\t<\/div>\n\t\t\t\t<\/div>\n\t\t\t\t<div class=\"elementor-element elementor-element-569f06c elementor-widget elementor-widget-text-editor\" data-id=\"569f06c\" data-element_type=\"widget\" data-widget_type=\"text-editor.default\">\n\t\t\t\t<div class=\"elementor-widget-container\">\n\t\t\t\t\t\t\t<p>Pour les \u00e9l\u00e8ves qui souhaitent harmoniser les d\u00e9s\u00e9quilibres qui se sont naturellement install\u00e9s au quotidien (mal de dos, am\u00e9liorer le sommeil, l\u00e2cher prise, anxi\u00e9t\u00e9\u2026).<br \/><br \/>Nous cr\u00e9ons ensemble une s\u00e9quence de mouvements adapt\u00e9e selon votre demande, en proposant des alternatives afin que le yoga soit accessible \u00e0 votre corps du moment.<\/p>\t\t\t\t\t\t<\/div>\n\t\t\t\t<\/div>\n\t\t\t\t<\/div>\n\t\t<div class=\"elementor-element elementor-element-51a546b e-con-full e-flex e-con e-child\" data-id=\"51a546b\" data-element_type=\"container\">\n\t\t\t\t<div class=\"elementor-element elementor-element-dea2fd5 elementor-widget elementor-widget-heading\" data-id=\"dea2fd5\" data-element_type=\"widget\" data-widget_type=\"heading.default\">\n\t\t\t\t<div class=\"elementor-widget-container\">\n\t\t\t<h4 class=\"elementor-heading-title elementor-size-medium\">Approfondir<\/h4>\t\t<\/div>\n\t\t\t\t<\/div>\n\t\t\t\t<div class=\"elementor-element elementor-element-9ece4a9 elementor-widget elementor-widget-text-editor\" data-id=\"9ece4a9\" data-element_type=\"widget\" data-widget_type=\"text-editor.default\">\n\t\t\t\t<div class=\"elementor-widget-container\">\n\t\t\t\t\t\t\t<p>Pour les pratiquants confirm\u00e9s qui souhaitent approfondir leurs connaissances et leur pratique. <\/p>\n<p>Je vous propose plusieurs orientations selon vos besoins et toujours en fonction de vos capacit\u00e9s.<\/p>\n<p>L\u2019\u00e9l\u00e8ve repart avec son mod\u00e8le de pratique sur mesure. Il travaille ensuite seul cette pratique personnalis\u00e9e, pour aller en direction de son objectif (gagner en souplesse, pratique approfondie des pranayama\u2026)<\/p>\t\t\t\t\t\t<\/div>\n\t\t\t\t<\/div>\n\t\t\t\t<\/div>\n\t\t\t\t\t<\/div>\n\t\t\t\t<\/div>\n\t\t<div class=\"elementor-element elementor-element-847101f e-flex e-con-boxed e-con e-parent\" data-id=\"847101f\" data-element_type=\"container\">\n\t\t\t\t\t<div class=\"e-con-inner\">\n\t\t\t\t<div class=\"elementor-element elementor-element-24d40c9 elementor-widget elementor-widget-reina_core_button\" data-id=\"24d40c9\" data-element_type=\"widget\" data-widget_type=\"reina_core_button.default\">\n\t\t\t\t<div class=\"elementor-widget-container\">\n\t\t\t<a class=\"qodef-shortcode qodef-m  qodef-button qodef-layout--filled  qodef-html--link\" href=\"\" target=\"_self\"  style=\"background-color: #E2BA00\">\n\t<span class=\"qodef-m-text\">R\u00e9servez un cours<\/span>\n\t<span class=\"qodef-m-background\" style=\"color: #C09E00\"><\/span>\n<\/a>\n\t\t<\/div>\n\t\t\t\t<\/div>\n\t\t\t\t\t<\/div>\n\t\t\t\t<\/div>\n\t\t\t\t<\/div>\n\t\t","protected":false},"excerpt":{"rendered":"<p>Suivi individuel Certains d\u2019entre nous sont contraints par leur emploi du temps, par leur corps ou par l\u2019id\u00e9e m\u00eame de ce qu\u2019est le yoga. D\u00e9couvrez le suivi individuel pour trouver Votre Yoga.Nous \u00e9changeons et suite \u00e0 votre demande je vous construit une s\u00e9ance en fonction de vos besoins et capacit\u00e9s.Le yoga r\u00e9pond a tout cela [&hellip;]<\/p>\n","protected":false},"author":1,"featured_media":0,"parent":0,"menu_order":0,"comment_status":"closed","ping_status":"closed","template":"page-full-width.php","meta":{"footnotes":""},"class_list":["post-17139","page","type-page","status-publish","hentry"],"_links":{"self":[{"href":"https:\/\/sarahyoga.dk\/index.php?rest_route=\/wp\/v2\/pages\/17139","targetHints":{"allow":["GET"]}}],"collection":[{"href":"https:\/\/sarahyoga.dk\/index.php?rest_route=\/wp\/v2\/pages"}],"about":[{"href":"https:\/\/sarahyoga.dk\/index.php?rest_route=\/wp\/v2\/types\/page"}],"author":[{"embeddable":true,"href":"https:\/\/sarahyoga.dk\/index.php?rest_route=\/wp\/v2\/users\/1"}],"replies":[{"embeddable":true,"href":"https:\/\/sarahyoga.dk\/index.php?rest_route=%2Fwp%2Fv2%2Fcomments&post=17139"}],"version-history":[{"count":196,"href":"https:\/\/sarahyoga.dk\/index.php?rest_route=\/wp\/v2\/pages\/17139\/revisions"}],"predecessor-version":[{"id":18415,"href":"https:\/\/sarahyoga.dk\/index.php?rest_route=\/wp\/v2\/pages\/17139\/revisions\/18415"}],"wp:attachment":[{"href":"https:\/\/sarahyoga.dk\/index.php?rest_route=%2Fwp%2Fv2%2Fmedia&parent=17139"}],"curies":[{"name":"wp","href":"https:\/\/api.w.org\/{rel}","templated":true}]}}